{"id":118,"date":"2021-08-16T08:56:38","date_gmt":"2021-08-16T08:56:38","guid":{"rendered":"https:\/\/kongresy.brydz.wlkp.pl\/?page_id=118"},"modified":"2022-04-30T07:25:18","modified_gmt":"2022-04-30T07:25:18","slug":"wpisowe","status":"publish","type":"page","link":"https:\/\/kongresy.brydz.wlkp.pl\/index.php\/wpisowe\/","title":{"rendered":"Wpisowe"},"content":{"rendered":"\t\t<div data-elementor-type=\"wp-page\" data-elementor-id=\"118\" class=\"elementor elementor-118\">\n\t\t\t\t\t\t<section class=\"elementor-section elementor-top-section elementor-element elementor-element-3d1c45af elementor-section-boxed elementor-section-height-default elementor-section-height-default\" data-id=\"3d1c45af\" data-element_type=\"section\">\n\t\t\t\t\t\t<div class=\"elementor-container elementor-column-gap-default\">\n\t\t\t\t\t<div class=\"elementor-column elementor-col-100 elementor-top-column elementor-element elementor-element-2e5516f\" data-id=\"2e5516f\" data-element_type=\"column\">\n\t\t\t<div class=\"elementor-widget-wrap elementor-element-populated\">\n\t\t\t\t\t\t<div class=\"elementor-element elementor-element-51f32a29 elementor-widget elementor-widget-text-editor\" data-id=\"51f32a29\" data-element_type=\"widget\" data-widget_type=\"text-editor.default\">\n\t\t\t\t<div class=\"elementor-widget-container\">\n\t\t\t<style>\/*! elementor - v3.23.0 - 05-08-2024 *\/\n.elementor-widget-text-editor.elementor-drop-cap-view-stacked .elementor-drop-cap{background-color:#69727d;color:#fff}.elementor-widget-text-editor.elementor-drop-cap-view-framed .elementor-drop-cap{color:#69727d;border:3px solid;background-color:transparent}.elementor-widget-text-editor:not(.elementor-drop-cap-view-default) .elementor-drop-cap{margin-top:8px}.elementor-widget-text-editor:not(.elementor-drop-cap-view-default) .elementor-drop-cap-letter{width:1em;height:1em}.elementor-widget-text-editor .elementor-drop-cap{float:left;text-align:center;line-height:1;font-size:50px}.elementor-widget-text-editor .elementor-drop-cap-letter{display:inline-block}<\/style>\t\t\t\t<table width=\"612\">\n<tbody>\n<tr>\n<td width=\"217\">\u00a0<\/td>\n<td width=\"87\">Ilo\u015b\u0107 rozda\u0144<\/td>\n<td width=\"81\">Niezrzeszeni<\/td>\n<td width=\"86\">Cz\u0142onek PZBS\u00a0<\/td>\n<td width=\"64\">Ulgowe<\/td>\n<td width=\"77\">Uczniowie do lat 19<\/td>\n<\/tr>\n<tr>\n<td>MMPParMixt eliminacje<\/td>\n<td>60<\/td>\n<td>120 z\u0142<\/td>\n<td>90 z\u0142<\/td>\n<td>70 z\u0142<\/td>\n<td>50 z\u0142<\/td>\n<\/tr>\n<tr>\n<td>Fina\u0142 MMPParMixt<\/td>\n<td>34<\/td>\n<td>60 z\u0142<\/td>\n<td>50 z\u0142<\/td>\n<td>40 z\u0142<\/td>\n<td>30 z\u0142<\/td>\n<\/tr>\n<tr>\n<td>MMPTMixt eliminacje\u00a0 + 1\/4 fina\u0142u<\/td>\n<td>64\/80<\/td>\n<td>150 z\u0142<\/td>\n<td>120 z\u0142<\/td>\n<td>90 z\u0142<\/td>\n<td>60 z\u0142<\/td>\n<\/tr>\n<tr>\n<td>P\u00f3\u0142fina\u0142 i Fina\u0142 MMPTMixt (\u0142\u0105cznie)<\/td>\n<td>44<\/td>\n<td>100 z\u0142<\/td>\n<td>80 z\u0142<\/td>\n<td>60 z\u0142<\/td>\n<td>30 z\u0142<\/td>\n<\/tr>\n<tr>\n<td>Grand Prix Polski Par<\/td>\n<td>50<\/td>\n<td>100+10 z\u0142<\/td>\n<td>80+10 z\u0142<\/td>\n<td>60+10\u00a0<\/td>\n<td>30 z\u0142<\/td>\n<\/tr>\n<tr>\n<td>Otwarte Mist. Wlkp. M\u0142odzie\u017cy<\/td>\n<td>40<\/td>\n<td>20 z\u0142<\/td>\n<td>20 z\u0142<\/td>\n<td>20 z\u0142<\/td>\n<td>20 z\u0142<\/td>\n<\/tr>\n<tr>\n<td>Turniej Pierwszego Kroku<\/td>\n<td>40<\/td>\n<td>30 z\u0142<\/td>\n<td>30 z\u0142<\/td>\n<td>20 z\u0142<\/td>\n<td>20 z\u0142<\/td>\n<\/tr>\n<tr>\n<td>Turniej Kongresowy<\/td>\n<td>30<\/td>\n<td>65 z\u0142<\/td>\n<td>50 z\u0142<\/td>\n<td>40 z\u0142<\/td>\n<td>20 z\u0142<\/td>\n<\/tr>\n<tr>\n<td>Turniej Bia\u0142o &#8211; Czerwony\u00a0<\/td>\n<td>50<\/td>\n<td>80 z\u0142<\/td>\n<td>70 z\u0142<\/td>\n<td>60 z\u0142<\/td>\n<td>30 z\u0142<\/td>\n<\/tr>\n<\/tbody>\n<\/table>\n<p>Niezrzeszeni to zawodnicy zagraniczni z op\u0142acon\u0105 sk\u0142adk\u0105 w swoich federacjach., zgodnie z uchwa\u0142\u0105 PZBS <a href=\"https:\/\/www.pzbs.pl\/uchwaly\/6630-uchwaa-nr-7920212021-2025-\">https:\/\/www.pzbs.pl\/uchwaly\/6630-uchwaa-nr-7920212021-2025-<\/a><\/p>\t\t\t\t\t\t<\/div>\n\t\t\t\t<\/div>\n\t\t\t\t\t<\/div>\n\t\t<\/div>\n\t\t\t\t\t<\/div>\n\t\t<\/section>\n\t\t\t\t<section class=\"elementor-section elementor-top-section elementor-element elementor-element-727c9b6 elementor-section-boxed elementor-section-height-default elementor-section-height-default\" data-id=\"727c9b6\" data-element_type=\"section\">\n\t\t\t\t\t\t<div class=\"elementor-container elementor-column-gap-default\">\n\t\t\t\t\t<div class=\"elementor-column elementor-col-100 elementor-top-column elementor-element elementor-element-3502c54\" data-id=\"3502c54\" data-element_type=\"column\">\n\t\t\t<div class=\"elementor-widget-wrap elementor-element-populated\">\n\t\t\t\t\t\t<div class=\"elementor-element elementor-element-772fb86 elementor-widget elementor-widget-image\" data-id=\"772fb86\" data-element_type=\"widget\" data-widget_type=\"image.default\">\n\t\t\t\t<div class=\"elementor-widget-container\">\n\t\t\t<style>\/*! elementor - v3.23.0 - 05-08-2024 *\/\n.elementor-widget-image{text-align:center}.elementor-widget-image a{display:inline-block}.elementor-widget-image a img[src$=\".svg\"]{width:48px}.elementor-widget-image img{vertical-align:middle;display:inline-block}<\/style>\t\t\t\t\t\t\t\t\t\t\t<a href=\"https:\/\/kongresy.brydz.wlkp.pl\/wp-content\/uploads\/2022\/04\/baner-2022-wersja-7-scaled.jpg\" data-elementor-open-lightbox=\"yes\" data-elementor-lightbox-title=\"baner-2022-wersja-7\" data-e-action-hash=\"#elementor-action%3Aaction%3Dlightbox%26settings%3DeyJpZCI6MjQ1OSwidXJsIjoiaHR0cHM6XC9cL2tvbmdyZXN5LmJyeWR6Lndsa3AucGxcL3dwLWNvbnRlbnRcL3VwbG9hZHNcLzIwMjJcLzA0XC9iYW5lci0yMDIyLXdlcnNqYS03LXNjYWxlZC5qcGcifQ%3D%3D\">\n\t\t\t\t\t\t\t<img fetchpriority=\"high\" decoding=\"async\" width=\"665\" height=\"532\" src=\"https:\/\/kongresy.brydz.wlkp.pl\/wp-content\/uploads\/2022\/04\/baner-2022-wersja-7-1024x819.jpg\" class=\"attachment-large size-large wp-image-2459\" alt=\"\" srcset=\"https:\/\/kongresy.brydz.wlkp.pl\/wp-content\/uploads\/2022\/04\/baner-2022-wersja-7-1024x819.jpg 1024w, https:\/\/kongresy.brydz.wlkp.pl\/wp-content\/uploads\/2022\/04\/baner-2022-wersja-7-300x240.jpg 300w, https:\/\/kongresy.brydz.wlkp.pl\/wp-content\/uploads\/2022\/04\/baner-2022-wersja-7-768x614.jpg 768w, https:\/\/kongresy.brydz.wlkp.pl\/wp-content\/uploads\/2022\/04\/baner-2022-wersja-7-1536x1229.jpg 1536w, https:\/\/kongresy.brydz.wlkp.pl\/wp-content\/uploads\/2022\/04\/baner-2022-wersja-7-2048x1638.jpg 2048w, https:\/\/kongresy.brydz.wlkp.pl\/wp-content\/uploads\/2022\/04\/baner-2022-wersja-7-660x528.jpg 660w\" sizes=\"(max-width: 665px) 100vw, 665px\" \/>\t\t\t\t\t\t\t\t<\/a>\n\t\t\t\t\t\t\t\t\t\t\t\t\t<\/div>\n\t\t\t\t<\/div>\n\t\t\t\t\t<\/div>\n\t\t<\/div>\n\t\t\t\t\t<\/div>\n\t\t<\/section>\n\t\t\t\t<\/div>\n\t\t","protected":false},"excerpt":{"rendered":"<p>\u00a0 Ilo\u015b\u0107 rozda\u0144 Niezrzeszeni Cz\u0142onek PZBS\u00a0 Ulgowe Uczniowie do lat 19 MMPParMixt eliminacje 60 120 z\u0142 90 z\u0142 70 z\u0142 50 z\u0142 Fina\u0142 MMPParMixt 34 60 z\u0142 50 z\u0142 40 z\u0142 30 z\u0142 MMPTMixt eliminacje\u00a0 + 1\/4 fina\u0142u 64\/80 150 z\u0142 120 z\u0142 90 z\u0142 60 z\u0142 P\u00f3\u0142fina\u0142 i Fina\u0142 MMPTMixt (\u0142\u0105cznie) 44 100 z\u0142\u2026 <span class=\"read-more\"><a href=\"https:\/\/kongresy.brydz.wlkp.pl\/index.php\/wpisowe\/\">Czytaj dalej &raquo;<\/a><\/span><\/p>\n","protected":false},"author":1,"featured_media":0,"parent":0,"menu_order":0,"comment_status":"closed","ping_status":"closed","template":"","meta":{"_ti_tpc_template_sync":false,"_ti_tpc_template_id":""},"_links":{"self":[{"href":"https:\/\/kongresy.brydz.wlkp.pl\/index.php\/wp-json\/wp\/v2\/pages\/118"}],"collection":[{"href":"https:\/\/kongresy.brydz.wlkp.pl\/index.php\/wp-json\/wp\/v2\/pages"}],"about":[{"href":"https:\/\/kongresy.brydz.wlkp.pl\/index.php\/wp-json\/wp\/v2\/types\/page"}],"author":[{"embeddable":true,"href":"https:\/\/kongresy.brydz.wlkp.pl\/index.php\/wp-json\/wp\/v2\/users\/1"}],"replies":[{"embeddable":true,"href":"https:\/\/kongresy.brydz.wlkp.pl\/index.php\/wp-json\/wp\/v2\/comments?post=118"}],"version-history":[{"count":36,"href":"https:\/\/kongresy.brydz.wlkp.pl\/index.php\/wp-json\/wp\/v2\/pages\/118\/revisions"}],"predecessor-version":[{"id":2474,"href":"https:\/\/kongresy.brydz.wlkp.pl\/index.php\/wp-json\/wp\/v2\/pages\/118\/revisions\/2474"}],"wp:attachment":[{"href":"https:\/\/kongresy.brydz.wlkp.pl\/index.php\/wp-json\/wp\/v2\/media?parent=118"}],"curies":[{"name":"wp","href":"https:\/\/api.w.org\/{rel}","templated":true}]}}