{"id":122,"date":"2021-08-16T08:56:38","date_gmt":"2021-08-16T08:56:38","guid":{"rendered":"https:\/\/kongresy.brydz.wlkp.pl\/?page_id=122"},"modified":"2022-04-30T07:20:25","modified_gmt":"2022-04-30T07:20:25","slug":"kontakt","status":"publish","type":"page","link":"https:\/\/kongresy.brydz.wlkp.pl\/index.php\/kontakt\/","title":{"rendered":"Kontakt"},"content":{"rendered":"\t\t<div data-elementor-type=\"wp-page\" data-elementor-id=\"122\" class=\"elementor elementor-122\">\n\t\t\t\t\t\t<section class=\"elementor-section elementor-top-section elementor-element elementor-element-561ce3a elementor-section-boxed elementor-section-height-default elementor-section-height-default\" data-id=\"561ce3a\" data-element_type=\"section\">\n\t\t\t\t\t\t<div class=\"elementor-container elementor-column-gap-default\">\n\t\t\t\t\t<div class=\"elementor-column elementor-col-100 elementor-top-column elementor-element elementor-element-5ffefbf\" data-id=\"5ffefbf\" data-element_type=\"column\">\n\t\t\t<div class=\"elementor-widget-wrap elementor-element-populated\">\n\t\t\t\t\t\t<div class=\"elementor-element elementor-element-068f421 elementor-widget elementor-widget-text-editor\" data-id=\"068f421\" data-element_type=\"widget\" data-widget_type=\"text-editor.default\">\n\t\t\t\t<div class=\"elementor-widget-container\">\n\t\t\t<style>\/*! elementor - v3.23.0 - 05-08-2024 *\/\n.elementor-widget-text-editor.elementor-drop-cap-view-stacked .elementor-drop-cap{background-color:#69727d;color:#fff}.elementor-widget-text-editor.elementor-drop-cap-view-framed .elementor-drop-cap{color:#69727d;border:3px solid;background-color:transparent}.elementor-widget-text-editor:not(.elementor-drop-cap-view-default) .elementor-drop-cap{margin-top:8px}.elementor-widget-text-editor:not(.elementor-drop-cap-view-default) .elementor-drop-cap-letter{width:1em;height:1em}.elementor-widget-text-editor .elementor-drop-cap{float:left;text-align:center;line-height:1;font-size:50px}.elementor-widget-text-editor .elementor-drop-cap-letter{display:inline-block}<\/style>\t\t\t\t<h3>biuro@brydz.wlkp.pl<\/h3><div><h3>S\u0119dzia G\u0142\u00f3wny: Maciej Czajkowski 515 787 663<\/h3><h3>Dyrektor Kongresu: Piotr Cie\u015bli\u0144ski 601914748<\/h3><\/div>\t\t\t\t\t\t<\/div>\n\t\t\t\t<\/div>\n\t\t\t\t\t<\/div>\n\t\t<\/div>\n\t\t\t\t\t<\/div>\n\t\t<\/section>\n\t\t\t\t<section class=\"elementor-section elementor-top-section elementor-element elementor-element-a2dcbe5 elementor-section-boxed elementor-section-height-default elementor-section-height-default\" data-id=\"a2dcbe5\" data-element_type=\"section\">\n\t\t\t\t\t\t<div class=\"elementor-container elementor-column-gap-default\">\n\t\t\t\t\t<div class=\"elementor-column elementor-col-100 elementor-top-column elementor-element elementor-element-40d22be\" data-id=\"40d22be\" data-element_type=\"column\">\n\t\t\t<div class=\"elementor-widget-wrap elementor-element-populated\">\n\t\t\t\t\t\t<div class=\"elementor-element elementor-element-f6afd1e elementor-widget elementor-widget-text-editor\" data-id=\"f6afd1e\" data-element_type=\"widget\" data-widget_type=\"text-editor.default\">\n\t\t\t\t<div class=\"elementor-widget-container\">\n\t\t\t\t\t\t\t<p><strong>Sala gry :<\/strong><\/p><p style=\"text-align: center;\"><strong>Mi\u0119dzynarodowe Targi Pozna\u0144skie Budynek PCC poziom 0<\/strong><\/p>\t\t\t\t\t\t<\/div>\n\t\t\t\t<\/div>\n\t\t\t\t<div class=\"elementor-element elementor-element-6fd9ea2 elementor-widget elementor-widget-image\" data-id=\"6fd9ea2\" data-element_type=\"widget\" data-widget_type=\"image.default\">\n\t\t\t\t<div class=\"elementor-widget-container\">\n\t\t\t<style>\/*! elementor - v3.23.0 - 05-08-2024 *\/\n.elementor-widget-image{text-align:center}.elementor-widget-image a{display:inline-block}.elementor-widget-image a img[src$=\".svg\"]{width:48px}.elementor-widget-image img{vertical-align:middle;display:inline-block}<\/style>\t\t\t\t\t\t\t\t\t\t\t<a href=\"https:\/\/kongresy.brydz.wlkp.pl\/wp-content\/uploads\/2022\/03\/MTPplan.png\" data-elementor-open-lightbox=\"yes\" data-elementor-lightbox-title=\"MTPplan\" data-e-action-hash=\"#elementor-action%3Aaction%3Dlightbox%26settings%3DeyJpZCI6MjE1NCwidXJsIjoiaHR0cHM6XC9cL2tvbmdyZXN5LmJyeWR6Lndsa3AucGxcL3dwLWNvbnRlbnRcL3VwbG9hZHNcLzIwMjJcLzAzXC9NVFBwbGFuLnBuZyJ9\">\n\t\t\t\t\t\t\t<img fetchpriority=\"high\" decoding=\"async\" width=\"665\" height=\"743\" src=\"https:\/\/kongresy.brydz.wlkp.pl\/wp-content\/uploads\/2022\/03\/MTPplan.png\" class=\"attachment-large size-large wp-image-2154\" alt=\"\" srcset=\"https:\/\/kongresy.brydz.wlkp.pl\/wp-content\/uploads\/2022\/03\/MTPplan.png 684w, https:\/\/kongresy.brydz.wlkp.pl\/wp-content\/uploads\/2022\/03\/MTPplan-269x300.png 269w, https:\/\/kongresy.brydz.wlkp.pl\/wp-content\/uploads\/2022\/03\/MTPplan-660x737.png 660w\" sizes=\"(max-width: 665px) 100vw, 665px\" \/>\t\t\t\t\t\t\t\t<\/a>\n\t\t\t\t\t\t\t\t\t\t\t\t\t<\/div>\n\t\t\t\t<\/div>\n\t\t\t\t\t<\/div>\n\t\t<\/div>\n\t\t\t\t\t<\/div>\n\t\t<\/section>\n\t\t\t\t<section class=\"elementor-section elementor-top-section elementor-element elementor-element-2dd871b elementor-section-boxed elementor-section-height-default elementor-section-height-default\" data-id=\"2dd871b\" data-element_type=\"section\">\n\t\t\t\t\t\t<div class=\"elementor-container elementor-column-gap-default\">\n\t\t\t\t\t<div class=\"elementor-column elementor-col-100 elementor-top-column elementor-element elementor-element-4936c43\" data-id=\"4936c43\" data-element_type=\"column\">\n\t\t\t<div class=\"elementor-widget-wrap elementor-element-populated\">\n\t\t\t\t\t\t<div class=\"elementor-element elementor-element-81f95bc elementor-widget elementor-widget-image\" data-id=\"81f95bc\" data-element_type=\"widget\" data-widget_type=\"image.default\">\n\t\t\t\t<div class=\"elementor-widget-container\">\n\t\t\t\t\t\t\t\t\t\t\t\t\t\t<a href=\"https:\/\/kongresy.brydz.wlkp.pl\/wp-content\/uploads\/2022\/04\/baner-2022-wersja-7-scaled.jpg\" data-elementor-open-lightbox=\"yes\" data-elementor-lightbox-title=\"baner-2022-wersja-7\" data-e-action-hash=\"#elementor-action%3Aaction%3Dlightbox%26settings%3DeyJpZCI6MjQ1OSwidXJsIjoiaHR0cHM6XC9cL2tvbmdyZXN5LmJyeWR6Lndsa3AucGxcL3dwLWNvbnRlbnRcL3VwbG9hZHNcLzIwMjJcLzA0XC9iYW5lci0yMDIyLXdlcnNqYS03LXNjYWxlZC5qcGcifQ%3D%3D\">\n\t\t\t\t\t\t\t<img decoding=\"async\" width=\"665\" height=\"532\" src=\"https:\/\/kongresy.brydz.wlkp.pl\/wp-content\/uploads\/2022\/04\/baner-2022-wersja-7-1024x819.jpg\" class=\"attachment-large size-large wp-image-2459\" alt=\"\" srcset=\"https:\/\/kongresy.brydz.wlkp.pl\/wp-content\/uploads\/2022\/04\/baner-2022-wersja-7-1024x819.jpg 1024w, https:\/\/kongresy.brydz.wlkp.pl\/wp-content\/uploads\/2022\/04\/baner-2022-wersja-7-300x240.jpg 300w, https:\/\/kongresy.brydz.wlkp.pl\/wp-content\/uploads\/2022\/04\/baner-2022-wersja-7-768x614.jpg 768w, https:\/\/kongresy.brydz.wlkp.pl\/wp-content\/uploads\/2022\/04\/baner-2022-wersja-7-1536x1229.jpg 1536w, https:\/\/kongresy.brydz.wlkp.pl\/wp-content\/uploads\/2022\/04\/baner-2022-wersja-7-2048x1638.jpg 2048w, https:\/\/kongresy.brydz.wlkp.pl\/wp-content\/uploads\/2022\/04\/baner-2022-wersja-7-660x528.jpg 660w\" sizes=\"(max-width: 665px) 100vw, 665px\" \/>\t\t\t\t\t\t\t\t<\/a>\n\t\t\t\t\t\t\t\t\t\t\t\t\t<\/div>\n\t\t\t\t<\/div>\n\t\t\t\t\t<\/div>\n\t\t<\/div>\n\t\t\t\t\t<\/div>\n\t\t<\/section>\n\t\t\t\t<\/div>\n\t\t","protected":false},"excerpt":{"rendered":"<p>biuro@brydz.wlkp.pl S\u0119dzia G\u0142\u00f3wny: Maciej Czajkowski 515 787 663 Dyrektor Kongresu: Piotr Cie\u015bli\u0144ski 601914748 Sala gry : Mi\u0119dzynarodowe Targi Pozna\u0144skie Budynek PCC poziom 0<\/p>\n","protected":false},"author":1,"featured_media":0,"parent":0,"menu_order":0,"comment_status":"closed","ping_status":"closed","template":"","meta":{"_ti_tpc_template_sync":false,"_ti_tpc_template_id":""},"_links":{"self":[{"href":"https:\/\/kongresy.brydz.wlkp.pl\/index.php\/wp-json\/wp\/v2\/pages\/122"}],"collection":[{"href":"https:\/\/kongresy.brydz.wlkp.pl\/index.php\/wp-json\/wp\/v2\/pages"}],"about":[{"href":"https:\/\/kongresy.brydz.wlkp.pl\/index.php\/wp-json\/wp\/v2\/types\/page"}],"author":[{"embeddable":true,"href":"https:\/\/kongresy.brydz.wlkp.pl\/index.php\/wp-json\/wp\/v2\/users\/1"}],"replies":[{"embeddable":true,"href":"https:\/\/kongresy.brydz.wlkp.pl\/index.php\/wp-json\/wp\/v2\/comments?post=122"}],"version-history":[{"count":62,"href":"https:\/\/kongresy.brydz.wlkp.pl\/index.php\/wp-json\/wp\/v2\/pages\/122\/revisions"}],"predecessor-version":[{"id":2465,"href":"https:\/\/kongresy.brydz.wlkp.pl\/index.php\/wp-json\/wp\/v2\/pages\/122\/revisions\/2465"}],"wp:attachment":[{"href":"https:\/\/kongresy.brydz.wlkp.pl\/index.php\/wp-json\/wp\/v2\/media?parent=122"}],"curies":[{"name":"wp","href":"https:\/\/api.w.org\/{rel}","templated":true}]}}