{"id":364,"date":"2021-08-19T13:55:20","date_gmt":"2021-08-19T13:55:20","guid":{"rendered":"https:\/\/kongresy.brydz.wlkp.pl\/?page_id=364"},"modified":"2022-03-12T12:35:01","modified_gmt":"2022-03-12T12:35:01","slug":"nocowac","status":"publish","type":"page","link":"https:\/\/kongresy.brydz.wlkp.pl\/index.php\/nocowac\/","title":{"rendered":"Gdzie nocowa\u0107 ?"},"content":{"rendered":"\t\t<div data-elementor-type=\"wp-page\" data-elementor-id=\"364\" class=\"elementor elementor-364\">\n\t\t\t\t\t\t<section class=\"elementor-section elementor-top-section elementor-element elementor-element-c64e26b elementor-section-boxed elementor-section-height-default elementor-section-height-default\" data-id=\"c64e26b\" data-element_type=\"section\">\n\t\t\t\t\t\t<div class=\"elementor-container elementor-column-gap-default\">\n\t\t\t\t\t<div class=\"elementor-column elementor-col-100 elementor-top-column elementor-element elementor-element-a096026\" data-id=\"a096026\" data-element_type=\"column\">\n\t\t\t<div class=\"elementor-widget-wrap elementor-element-populated\">\n\t\t\t\t\t\t<div class=\"elementor-element elementor-element-7bf623e elementor-widget elementor-widget-text-editor\" data-id=\"7bf623e\" data-element_type=\"widget\" data-widget_type=\"text-editor.default\">\n\t\t\t\t<div class=\"elementor-widget-container\">\n\t\t\t<style>\/*! elementor - v3.23.0 - 05-08-2024 *\/\n.elementor-widget-text-editor.elementor-drop-cap-view-stacked .elementor-drop-cap{background-color:#69727d;color:#fff}.elementor-widget-text-editor.elementor-drop-cap-view-framed .elementor-drop-cap{color:#69727d;border:3px solid;background-color:transparent}.elementor-widget-text-editor:not(.elementor-drop-cap-view-default) .elementor-drop-cap{margin-top:8px}.elementor-widget-text-editor:not(.elementor-drop-cap-view-default) .elementor-drop-cap-letter{width:1em;height:1em}.elementor-widget-text-editor .elementor-drop-cap{float:left;text-align:center;line-height:1;font-size:50px}.elementor-widget-text-editor .elementor-drop-cap-letter{display:inline-block}<\/style>\t\t\t\t<h1 style=\"text-align: center;\"><strong><u>Hotel Altus<\/u><\/strong><\/h1><p style=\"text-align: center;\">ul. \u015aw. Marcin 40 (wjazd ul. Ratajczaka 31) Pozna\u0144<\/p><p style=\"text-align: left;\">Hotel po\u0142o\u017cony w odleg\u0142o\u015bci 1,4 km od sali gry, w \u015bcis\u0142ym centrum Poznania 0,3 km od Starego Rynku<\/p><p>Cena pokoju od:<\/p><p>&#8211; pok\u00f3j 1 osobowy 210 PLN \u00a0<\/p><p>&#8211; pok\u00f3j 2 osobowy 230 PLN<\/p><p>Na Has\u0142o: Bryd\u017c 2022 udzielony zostanie upust 20%<\/p><p>Strona internetowa hotelu\u00a0 <strong><a href=\"https:\/\/www.hotelaltus.pl\/\">https:\/\/www.hotelaltus.pl\/<\/a><\/strong><\/p><h1 style=\"text-align: center;\"><strong><u>Hotel Sheraton Pozna\u0144<\/u><\/strong><\/h1><div class=\"dynamic-footer__social-media col-12 col-xl-6 px-0 px-xl-2\"><div class=\"pb-2\"><p class=\"t-overline-inverse-normal uppercase m-0 pb-2\" style=\"text-align: center;\">ul. Bukowska 3\/9, 60-809 Pozna\u0144<\/p><\/div><\/div><p>Hotel po\u0142o\u017cony w bezpo\u015brednim s\u0105siedztwie sali gry.\u00a0<\/p><p>Cena pokoju ze \u015bniadaniem :<\/p><p>&#8211; pok\u00f3j 1 osobowy 290 + VAT 8%\u00a0\u00a0<\/p><p>&#8211; pok\u00f3j 2 osobowy 330 + VAT 8%<\/p><p>Mo\u017cliwo\u015b\u0107 zar\u00f3wno rezerwacji jak i bezkosztowej anulacji obowi\u0105zuje do dnia 15.04.2022.\u00a0<\/p><p><strong><a href=\"https:\/\/www.marriott.com\/events\/start.mi?id=1646222648760&amp;key=GRP\">Book your group rate for 61. Pozna\u0144ski Mityng Bryd\u017cowy<\/a><\/strong><\/p><h1 style=\"text-align: center;\"><span style=\"text-decoration: underline;\">Hotel Ibis<\/span><\/h1><p style=\"text-align: center;\">Pl. W\u0142. Andersa 1, 61-898 Pozna\u0144<\/p><p>Hotel oddalony 2,0 km od sali gry przy Centrum Handlowym Stary Browar<\/p><p>Strona hotelu: <strong><a href=\"https:\/\/all.accor.com\/hotel\/A9U9\/index.pl.shtml\">https:\/\/all.accor.com\/hotel\/A9U9\/index.pl.shtml<\/a><\/strong><\/p><p>Cena pokoju ze \u015bniadaniem:<\/p><p>Pok\u00f3j 1-osobowy : 150 pln brutto<\/p><p>Pok\u00f3j 2-osobowy: 180 pln brutto.<\/p><p>Rezerwacje po cenach w\/w mo\u017cna zak\u0142ada\u0107 nie p\u00f3\u017aniej ni\u017c do 15.04.2022 na has\u0142o Bryd\u017c 2022. 210<\/p>\t\t\t\t\t\t<\/div>\n\t\t\t\t<\/div>\n\t\t\t\t\t<\/div>\n\t\t<\/div>\n\t\t\t\t\t<\/div>\n\t\t<\/section>\n\t\t\t\t<\/div>\n\t\t","protected":false},"excerpt":{"rendered":"<p>Hotel Altus ul. \u015aw. Marcin 40 (wjazd ul. Ratajczaka 31) Pozna\u0144 Hotel po\u0142o\u017cony w odleg\u0142o\u015bci 1,4 km od sali gry, w \u015bcis\u0142ym centrum Poznania 0,3 km od Starego Rynku Cena pokoju od: &#8211; pok\u00f3j 1 osobowy 210 PLN \u00a0 &#8211; pok\u00f3j 2 osobowy 230 PLN Na Has\u0142o: Bryd\u017c 2022 udzielony zostanie upust 20% Strona internetowa\u2026 <span class=\"read-more\"><a href=\"https:\/\/kongresy.brydz.wlkp.pl\/index.php\/nocowac\/\">Czytaj dalej &raquo;<\/a><\/span><\/p>\n","protected":false},"author":1,"featured_media":0,"parent":0,"menu_order":0,"comment_status":"closed","ping_status":"closed","template":"","meta":{"_ti_tpc_template_sync":false,"_ti_tpc_template_id":""},"_links":{"self":[{"href":"https:\/\/kongresy.brydz.wlkp.pl\/index.php\/wp-json\/wp\/v2\/pages\/364"}],"collection":[{"href":"https:\/\/kongresy.brydz.wlkp.pl\/index.php\/wp-json\/wp\/v2\/pages"}],"about":[{"href":"https:\/\/kongresy.brydz.wlkp.pl\/index.php\/wp-json\/wp\/v2\/types\/page"}],"author":[{"embeddable":true,"href":"https:\/\/kongresy.brydz.wlkp.pl\/index.php\/wp-json\/wp\/v2\/users\/1"}],"replies":[{"embeddable":true,"href":"https:\/\/kongresy.brydz.wlkp.pl\/index.php\/wp-json\/wp\/v2\/comments?post=364"}],"version-history":[{"count":27,"href":"https:\/\/kongresy.brydz.wlkp.pl\/index.php\/wp-json\/wp\/v2\/pages\/364\/revisions"}],"predecessor-version":[{"id":2062,"href":"https:\/\/kongresy.brydz.wlkp.pl\/index.php\/wp-json\/wp\/v2\/pages\/364\/revisions\/2062"}],"wp:attachment":[{"href":"https:\/\/kongresy.brydz.wlkp.pl\/index.php\/wp-json\/wp\/v2\/media?parent=364"}],"curies":[{"name":"wp","href":"https:\/\/api.w.org\/{rel}","templated":true}]}}