{"id":368,"date":"2021-08-19T13:55:46","date_gmt":"2021-08-19T13:55:46","guid":{"rendered":"https:\/\/kongresy.brydz.wlkp.pl\/?page_id=368"},"modified":"2022-04-22T11:57:58","modified_gmt":"2022-04-22T11:57:58","slug":"zjesc","status":"publish","type":"page","link":"https:\/\/kongresy.brydz.wlkp.pl\/index.php\/zjesc\/","title":{"rendered":"Gdzie zje\u015b\u0107 ?"},"content":{"rendered":"\t\t<div data-elementor-type=\"wp-page\" data-elementor-id=\"368\" class=\"elementor elementor-368\">\n\t\t\t\t\t\t<section class=\"elementor-section elementor-top-section elementor-element elementor-element-ab890fb elementor-section-boxed elementor-section-height-default elementor-section-height-default\" data-id=\"ab890fb\" data-element_type=\"section\">\n\t\t\t\t\t\t<div class=\"elementor-container elementor-column-gap-default\">\n\t\t\t\t\t<div class=\"elementor-column elementor-col-100 elementor-top-column elementor-element elementor-element-6dffd14\" data-id=\"6dffd14\" data-element_type=\"column\">\n\t\t\t<div class=\"elementor-widget-wrap elementor-element-populated\">\n\t\t\t\t\t\t\t<\/div>\n\t\t<\/div>\n\t\t\t\t\t<\/div>\n\t\t<\/section>\n\t\t\t\t<section class=\"elementor-section elementor-top-section elementor-element elementor-element-bd7752c elementor-section-boxed elementor-section-height-default elementor-section-height-default\" data-id=\"bd7752c\" data-element_type=\"section\">\n\t\t\t\t\t\t<div class=\"elementor-container elementor-column-gap-default\">\n\t\t\t\t\t<div class=\"elementor-column elementor-col-100 elementor-top-column elementor-element elementor-element-69f2a3e\" data-id=\"69f2a3e\" data-element_type=\"column\">\n\t\t\t<div class=\"elementor-widget-wrap elementor-element-populated\">\n\t\t\t\t\t\t<div class=\"elementor-element elementor-element-7db9135 elementor-widget elementor-widget-text-editor\" data-id=\"7db9135\" data-element_type=\"widget\" data-widget_type=\"text-editor.default\">\n\t\t\t\t<div class=\"elementor-widget-container\">\n\t\t\t<style>\/*! elementor - v3.23.0 - 05-08-2024 *\/\n.elementor-widget-text-editor.elementor-drop-cap-view-stacked .elementor-drop-cap{background-color:#69727d;color:#fff}.elementor-widget-text-editor.elementor-drop-cap-view-framed .elementor-drop-cap{color:#69727d;border:3px solid;background-color:transparent}.elementor-widget-text-editor:not(.elementor-drop-cap-view-default) .elementor-drop-cap{margin-top:8px}.elementor-widget-text-editor:not(.elementor-drop-cap-view-default) .elementor-drop-cap-letter{width:1em;height:1em}.elementor-widget-text-editor .elementor-drop-cap{float:left;text-align:center;line-height:1;font-size:50px}.elementor-widget-text-editor .elementor-drop-cap-letter{display:inline-block}<\/style>\t\t\t\t<h2 style=\"text-align: center;\">MTP Cafe<\/h2><p>wraz ze stref\u0105 chillout przylegaj\u0105 do sali gry. Stoisko oferuje kanapki, sa\u0142atki, ciasta (w tym Rogale \u015awi\u0119tomarci\u0144skie), napoje zimne oraz ciep\u0142e. Uwaga! Alkohole b\u0119d\u0105 dost\u0119pne w restauracji mieszcz\u0105cej si\u0119 w tym samym budynku, jednak nie wolno wnosi\u0107 ich na sal\u0119 gry.\u00a0<\/p>\t\t\t\t\t\t<\/div>\n\t\t\t\t<\/div>\n\t\t\t\t<div class=\"elementor-element elementor-element-6f8c040 elementor-widget elementor-widget-image\" data-id=\"6f8c040\" data-element_type=\"widget\" data-widget_type=\"image.default\">\n\t\t\t\t<div class=\"elementor-widget-container\">\n\t\t\t<style>\/*! elementor - v3.23.0 - 05-08-2024 *\/\n.elementor-widget-image{text-align:center}.elementor-widget-image a{display:inline-block}.elementor-widget-image a img[src$=\".svg\"]{width:48px}.elementor-widget-image img{vertical-align:middle;display:inline-block}<\/style>\t\t\t\t\t\t\t\t\t\t\t<a href=\"https:\/\/kongresy.brydz.wlkp.pl\/wp-content\/uploads\/2021\/09\/MTPCafe.png\" data-elementor-open-lightbox=\"yes\" data-elementor-lightbox-title=\"MTPCafe\" data-e-action-hash=\"#elementor-action%3Aaction%3Dlightbox%26settings%3DeyJpZCI6OTY2LCJ1cmwiOiJodHRwczpcL1wva29uZ3Jlc3kuYnJ5ZHoud2xrcC5wbFwvd3AtY29udGVudFwvdXBsb2Fkc1wvMjAyMVwvMDlcL01UUENhZmUucG5nIn0%3D\">\n\t\t\t\t\t\t\t<img decoding=\"async\" width=\"300\" height=\"154\" src=\"https:\/\/kongresy.brydz.wlkp.pl\/wp-content\/uploads\/2021\/09\/MTPCafe-300x154.png\" class=\"attachment-medium size-medium wp-image-966\" alt=\"\" srcset=\"https:\/\/kongresy.brydz.wlkp.pl\/wp-content\/uploads\/2021\/09\/MTPCafe-300x154.png 300w, https:\/\/kongresy.brydz.wlkp.pl\/wp-content\/uploads\/2021\/09\/MTPCafe-1024x527.png 1024w, https:\/\/kongresy.brydz.wlkp.pl\/wp-content\/uploads\/2021\/09\/MTPCafe-768x395.png 768w, https:\/\/kongresy.brydz.wlkp.pl\/wp-content\/uploads\/2021\/09\/MTPCafe-660x340.png 660w, https:\/\/kongresy.brydz.wlkp.pl\/wp-content\/uploads\/2021\/09\/MTPCafe.png 1088w\" sizes=\"(max-width: 300px) 100vw, 300px\" \/>\t\t\t\t\t\t\t\t<\/a>\n\t\t\t\t\t\t\t\t\t\t\t\t\t<\/div>\n\t\t\t\t<\/div>\n\t\t\t\t\t<\/div>\n\t\t<\/div>\n\t\t\t\t\t<\/div>\n\t\t<\/section>\n\t\t\t\t<section class=\"elementor-section elementor-top-section elementor-element elementor-element-450cdb3 elementor-section-boxed elementor-section-height-default elementor-section-height-default\" data-id=\"450cdb3\" data-element_type=\"section\">\n\t\t\t\t\t\t<div class=\"elementor-container elementor-column-gap-default\">\n\t\t\t\t\t<div class=\"elementor-column elementor-col-100 elementor-top-column elementor-element elementor-element-5a5acf6\" data-id=\"5a5acf6\" data-element_type=\"column\">\n\t\t\t<div class=\"elementor-widget-wrap elementor-element-populated\">\n\t\t\t\t\t\t<div class=\"elementor-element elementor-element-cf73a1a elementor-widget elementor-widget-text-editor\" data-id=\"cf73a1a\" data-element_type=\"widget\" data-widget_type=\"text-editor.default\">\n\t\t\t\t<div class=\"elementor-widget-container\">\n\t\t\t\t\t\t\t<h2 style=\"padding-left: 40px; text-align: center;\">Basilico Bistro&nbsp;<\/h2>\n<p>Restauracja po\u0142o\u017cona w budynku sali gry na poziomie 1.&nbsp;<span style=\"font-size: 14px; color: var( --e-global-color-text ); font-family: var( --e-global-typography-text-font-family ), Sans-serif; font-weight: var( --e-global-typography-text-font-weight );\">Restauracja b\u0119dzie czynna w godzinach 13 &#8211; 19, mo\u017ce pomie\u015bci\u0107 80 os\u00f3b. Menu poni\u017cej.&nbsp;<\/span><\/p>\n<p style=\"text-align: center;\"><span style=\"color: #0000ff;\"><a style=\"color: #0000ff;\" href=\"https:\/\/kongresy.brydz.wlkp.pl\/wp-content\/uploads\/2022\/04\/Menu-Basilico-Bistro.pdf\">Menu Basilico Bistro<\/a><\/span><\/p>\t\t\t\t\t\t<\/div>\n\t\t\t\t<\/div>\n\t\t\t\t<div class=\"elementor-element elementor-element-26dadb8 elementor-widget elementor-widget-text-editor\" data-id=\"26dadb8\" data-element_type=\"widget\" data-widget_type=\"text-editor.default\">\n\t\t\t\t<div class=\"elementor-widget-container\">\n\t\t\t\t\t\t\t<h3 style=\"text-align: center;\"><a href=\"https:\/\/garden-city.pl\/pl\/o-nas\/koncepty\/basilico-bistro\/\">Strona restauracji +<\/a><a href=\"https:\/\/garden-city.pl\/pl\/o-nas\/koncepty\/basilico-bistro\/\"> lokalizacja<\/a><\/h3>\t\t\t\t\t\t<\/div>\n\t\t\t\t<\/div>\n\t\t\t\t\t<\/div>\n\t\t<\/div>\n\t\t\t\t\t<\/div>\n\t\t<\/section>\n\t\t\t\t<section class=\"elementor-section elementor-top-section elementor-element elementor-element-c2c2341 elementor-section-boxed elementor-section-height-default elementor-section-height-default\" data-id=\"c2c2341\" data-element_type=\"section\">\n\t\t\t\t\t\t<div class=\"elementor-container elementor-column-gap-default\">\n\t\t\t\t\t<div class=\"elementor-column elementor-col-100 elementor-top-column elementor-element elementor-element-9e3bde4\" data-id=\"9e3bde4\" data-element_type=\"column\">\n\t\t\t<div class=\"elementor-widget-wrap elementor-element-populated\">\n\t\t\t\t\t\t<div class=\"elementor-element elementor-element-b62e11d elementor-widget elementor-widget-text-editor\" data-id=\"b62e11d\" data-element_type=\"widget\" data-widget_type=\"text-editor.default\">\n\t\t\t\t<div class=\"elementor-widget-container\">\n\t\t\t\t\t\t\t<h2 style=\"text-align: center;\">Avenida<\/h2><p>Centrum handlowe po\u0142o\u017cone przy dworcu g\u0142\u00f3wnym PKP, 300 m od sali gry. Na terenie tej galerii handlowej znajduje si\u0119\u00a0\u00a0food court oraz popularne restauracje sieciowe.\u00a0<\/p><h5 style=\"text-align: center;\"><a href=\"https:\/\/www.google.com\/maps\/place\/Avenida\/@52.4020011,16.9140662,15z\/data=!4m5!3m4!1s0x0:0x145700ff326653af!8m2!3d52.4020011!4d16.9140662\">Lokalizacja<\/a><\/h5>\t\t\t\t\t\t<\/div>\n\t\t\t\t<\/div>\n\t\t\t\t<div class=\"elementor-element elementor-element-ac5cd37 elementor-widget elementor-widget-image\" data-id=\"ac5cd37\" data-element_type=\"widget\" data-widget_type=\"image.default\">\n\t\t\t\t<div class=\"elementor-widget-container\">\n\t\t\t\t\t\t\t\t\t\t\t\t\t\t<a href=\"https:\/\/kongresy.brydz.wlkp.pl\/wp-content\/uploads\/2022\/03\/AvenidaFC.png\" data-elementor-open-lightbox=\"yes\" data-elementor-lightbox-title=\"AvenidaFC\" data-e-action-hash=\"#elementor-action%3Aaction%3Dlightbox%26settings%3DeyJpZCI6MjIwMSwidXJsIjoiaHR0cHM6XC9cL2tvbmdyZXN5LmJyeWR6Lndsa3AucGxcL3dwLWNvbnRlbnRcL3VwbG9hZHNcLzIwMjJcLzAzXC9BdmVuaWRhRkMucG5nIn0%3D\">\n\t\t\t\t\t\t\t<img fetchpriority=\"high\" decoding=\"async\" width=\"665\" height=\"445\" src=\"https:\/\/kongresy.brydz.wlkp.pl\/wp-content\/uploads\/2022\/03\/AvenidaFC.png\" class=\"attachment-large size-large wp-image-2201\" alt=\"\" srcset=\"https:\/\/kongresy.brydz.wlkp.pl\/wp-content\/uploads\/2022\/03\/AvenidaFC.png 1017w, https:\/\/kongresy.brydz.wlkp.pl\/wp-content\/uploads\/2022\/03\/AvenidaFC-300x201.png 300w, https:\/\/kongresy.brydz.wlkp.pl\/wp-content\/uploads\/2022\/03\/AvenidaFC-768x514.png 768w, https:\/\/kongresy.brydz.wlkp.pl\/wp-content\/uploads\/2022\/03\/AvenidaFC-660x441.png 660w\" sizes=\"(max-width: 665px) 100vw, 665px\" \/>\t\t\t\t\t\t\t\t<\/a>\n\t\t\t\t\t\t\t\t\t\t\t\t\t<\/div>\n\t\t\t\t<\/div>\n\t\t\t\t\t<\/div>\n\t\t<\/div>\n\t\t\t\t\t<\/div>\n\t\t<\/section>\n\t\t\t\t<section class=\"elementor-section elementor-top-section elementor-element elementor-element-d952a1f elementor-section-boxed elementor-section-height-default elementor-section-height-default\" data-id=\"d952a1f\" data-element_type=\"section\">\n\t\t\t\t\t\t<div class=\"elementor-container elementor-column-gap-default\">\n\t\t\t\t\t<div class=\"elementor-column elementor-col-100 elementor-top-column elementor-element elementor-element-2518ad1\" data-id=\"2518ad1\" data-element_type=\"column\">\n\t\t\t<div class=\"elementor-widget-wrap elementor-element-populated\">\n\t\t\t\t\t\t<div class=\"elementor-element elementor-element-5291c55 elementor-widget elementor-widget-text-editor\" data-id=\"5291c55\" data-element_type=\"widget\" data-widget_type=\"text-editor.default\">\n\t\t\t\t<div class=\"elementor-widget-container\">\n\t\t\t\t\t\t\t<h2 style=\"text-align: center;\">Restauracja Bistro Taste<\/h2><p>Autorska restauracja Concordia Taste (600 m od sali gry) to\u00a0cz\u0119\u015b\u0107 centrum designu Concordia Design i\u00a0cho\u0107by dlatego nie jest to\u00a0\u201ezwyczajna\u201d restauracja. Niezwyczajne jest wn\u0119trze \u2013 ponad 100-letnie, ale\u00a0nowoczesne; postindustrialne, ale\u00a0przyjazne, odpowiadaj\u0105ce na\u00a0r\u00f3\u017cne potrzeby Go\u015bci. Najbardziej niezwyk\u0142e jest jednak menu! Zmieniaj\u0105cej si\u0119 sezonowo karcie g\u0142\u00f3wnej, towarzyszy menu regionalne, a\u00a0tak\u017ce szeroki wyb\u00f3r win. Sp\u0119dzaj\u0105c tu czas, ka\u017cdy Go\u015b\u0107 mo\u017ce nie tylko dobrze zje\u015b\u0107, ale\u00a0tak\u017ce wiele dowiedzie\u0107 si\u0119 o\u00a0designie, architekturze, sztuce, kulturze, trendach, innowacjach, ludziach!<\/p><h3 style=\"text-align: center;\"><a href=\"https:\/\/concordiataste.pl\/\">Strona restauracji zawieraj\u0105ca menu<\/a><\/h3><div>\u00a0<\/div>\t\t\t\t\t\t<\/div>\n\t\t\t\t<\/div>\n\t\t\t\t<div class=\"elementor-element elementor-element-bd214bb elementor-widget elementor-widget-image\" data-id=\"bd214bb\" data-element_type=\"widget\" data-widget_type=\"image.default\">\n\t\t\t\t<div class=\"elementor-widget-container\">\n\t\t\t\t\t\t\t\t\t\t\t\t\t\t<a href=\"https:\/\/kongresy.brydz.wlkp.pl\/wp-content\/uploads\/2021\/09\/conkordia.webp\" data-elementor-open-lightbox=\"yes\" data-elementor-lightbox-title=\"conkordia\" data-e-action-hash=\"#elementor-action%3Aaction%3Dlightbox%26settings%3DeyJpZCI6MTAwNCwidXJsIjoiaHR0cHM6XC9cL2tvbmdyZXN5LmJyeWR6Lndsa3AucGxcL3dwLWNvbnRlbnRcL3VwbG9hZHNcLzIwMjFcLzA5XC9jb25rb3JkaWEud2VicCJ9\">\n\t\t\t\t\t\t\t<img decoding=\"async\" width=\"665\" height=\"330\" src=\"https:\/\/kongresy.brydz.wlkp.pl\/wp-content\/uploads\/2021\/09\/conkordia-1024x508.webp\" class=\"attachment-large size-large wp-image-1004\" alt=\"\" srcset=\"https:\/\/kongresy.brydz.wlkp.pl\/wp-content\/uploads\/2021\/09\/conkordia-1024x508.webp 1024w, https:\/\/kongresy.brydz.wlkp.pl\/wp-content\/uploads\/2021\/09\/conkordia-300x149.webp 300w, https:\/\/kongresy.brydz.wlkp.pl\/wp-content\/uploads\/2021\/09\/conkordia-768x381.webp 768w, https:\/\/kongresy.brydz.wlkp.pl\/wp-content\/uploads\/2021\/09\/conkordia-660x327.webp 660w, https:\/\/kongresy.brydz.wlkp.pl\/wp-content\/uploads\/2021\/09\/conkordia.webp 1146w\" sizes=\"(max-width: 665px) 100vw, 665px\" \/>\t\t\t\t\t\t\t\t<\/a>\n\t\t\t\t\t\t\t\t\t\t\t\t\t<\/div>\n\t\t\t\t<\/div>\n\t\t\t\t<div class=\"elementor-element elementor-element-025e67b elementor-widget elementor-widget-text-editor\" data-id=\"025e67b\" data-element_type=\"widget\" data-widget_type=\"text-editor.default\">\n\t\t\t\t<div class=\"elementor-widget-container\">\n\t\t\t\t\t\t\t<h3 style=\"text-align: center;\"><a href=\"https:\/\/www.google.com\/maps\/place\/Innowave\/@52.4072644,16.9110962,19z\/data=!4m5!3m4!1s0x47045b34937fae75:0x77a96cd506f959a4!8m2!3d52.4074594!4d16.9112523?hl=pl-PL\">Lokalizacja<\/a><\/h3>\t\t\t\t\t\t<\/div>\n\t\t\t\t<\/div>\n\t\t\t\t\t<\/div>\n\t\t<\/div>\n\t\t\t\t\t<\/div>\n\t\t<\/section>\n\t\t\t\t<\/div>\n\t\t","protected":false},"excerpt":{"rendered":"<p>MTP Cafe wraz ze stref\u0105 chillout przylegaj\u0105 do sali gry. Stoisko oferuje kanapki, sa\u0142atki, ciasta (w tym Rogale \u015awi\u0119tomarci\u0144skie), napoje zimne oraz ciep\u0142e. Uwaga! Alkohole b\u0119d\u0105 dost\u0119pne w restauracji mieszcz\u0105cej si\u0119 w tym samym budynku, jednak nie wolno wnosi\u0107 ich na sal\u0119 gry.\u00a0 Basilico Bistro&nbsp; Restauracja po\u0142o\u017cona w budynku sali gry na poziomie 1.&nbsp;Restauracja b\u0119dzie\u2026 <span class=\"read-more\"><a href=\"https:\/\/kongresy.brydz.wlkp.pl\/index.php\/zjesc\/\">Czytaj dalej &raquo;<\/a><\/span><\/p>\n","protected":false},"author":1,"featured_media":0,"parent":0,"menu_order":0,"comment_status":"closed","ping_status":"closed","template":"","meta":{"_ti_tpc_template_sync":false,"_ti_tpc_template_id":""},"_links":{"self":[{"href":"https:\/\/kongresy.brydz.wlkp.pl\/index.php\/wp-json\/wp\/v2\/pages\/368"}],"collection":[{"href":"https:\/\/kongresy.brydz.wlkp.pl\/index.php\/wp-json\/wp\/v2\/pages"}],"about":[{"href":"https:\/\/kongresy.brydz.wlkp.pl\/index.php\/wp-json\/wp\/v2\/types\/page"}],"author":[{"embeddable":true,"href":"https:\/\/kongresy.brydz.wlkp.pl\/index.php\/wp-json\/wp\/v2\/users\/1"}],"replies":[{"embeddable":true,"href":"https:\/\/kongresy.brydz.wlkp.pl\/index.php\/wp-json\/wp\/v2\/comments?post=368"}],"version-history":[{"count":87,"href":"https:\/\/kongresy.brydz.wlkp.pl\/index.php\/wp-json\/wp\/v2\/pages\/368\/revisions"}],"predecessor-version":[{"id":2346,"href":"https:\/\/kongresy.brydz.wlkp.pl\/index.php\/wp-json\/wp\/v2\/pages\/368\/revisions\/2346"}],"wp:attachment":[{"href":"https:\/\/kongresy.brydz.wlkp.pl\/index.php\/wp-json\/wp\/v2\/media?parent=368"}],"curies":[{"name":"wp","href":"https:\/\/api.w.org\/{rel}","templated":true}]}}