{"id":377,"date":"2021-08-19T13:57:24","date_gmt":"2021-08-19T13:57:24","guid":{"rendered":"https:\/\/kongresy.brydz.wlkp.pl\/?page_id=377"},"modified":"2022-04-28T10:24:38","modified_gmt":"2022-04-28T10:24:38","slug":"parkowac","status":"publish","type":"page","link":"https:\/\/kongresy.brydz.wlkp.pl\/index.php\/parkowac\/","title":{"rendered":"Gdzie parkowa\u0107 ?"},"content":{"rendered":"\t\t<div data-elementor-type=\"wp-page\" data-elementor-id=\"377\" class=\"elementor elementor-377\">\n\t\t\t\t\t\t<section class=\"elementor-section elementor-top-section elementor-element elementor-element-dc1f796 elementor-section-boxed elementor-section-height-default elementor-section-height-default\" data-id=\"dc1f796\" data-element_type=\"section\">\n\t\t\t\t\t\t<div class=\"elementor-container elementor-column-gap-default\">\n\t\t\t\t\t<div class=\"elementor-column elementor-col-100 elementor-top-column elementor-element elementor-element-aafcacf\" data-id=\"aafcacf\" data-element_type=\"column\">\n\t\t\t<div class=\"elementor-widget-wrap elementor-element-populated\">\n\t\t\t\t\t\t\t<\/div>\n\t\t<\/div>\n\t\t\t\t\t<\/div>\n\t\t<\/section>\n\t\t\t\t<section class=\"elementor-section elementor-top-section elementor-element elementor-element-dd34dbb elementor-section-boxed elementor-section-height-default elementor-section-height-default\" data-id=\"dd34dbb\" data-element_type=\"section\">\n\t\t\t\t\t\t<div class=\"elementor-container elementor-column-gap-default\">\n\t\t\t\t\t<div class=\"elementor-column elementor-col-100 elementor-top-column elementor-element elementor-element-65e2ec8\" data-id=\"65e2ec8\" data-element_type=\"column\">\n\t\t\t<div class=\"elementor-widget-wrap elementor-element-populated\">\n\t\t\t\t\t\t<div class=\"elementor-element elementor-element-ed74f6a elementor-widget elementor-widget-text-editor\" data-id=\"ed74f6a\" data-element_type=\"widget\" data-widget_type=\"text-editor.default\">\n\t\t\t\t<div class=\"elementor-widget-container\">\n\t\t\t<style>\/*! elementor - v3.23.0 - 05-08-2024 *\/\n.elementor-widget-text-editor.elementor-drop-cap-view-stacked .elementor-drop-cap{background-color:#69727d;color:#fff}.elementor-widget-text-editor.elementor-drop-cap-view-framed .elementor-drop-cap{color:#69727d;border:3px solid;background-color:transparent}.elementor-widget-text-editor:not(.elementor-drop-cap-view-default) .elementor-drop-cap{margin-top:8px}.elementor-widget-text-editor:not(.elementor-drop-cap-view-default) .elementor-drop-cap-letter{width:1em;height:1em}.elementor-widget-text-editor .elementor-drop-cap{float:left;text-align:center;line-height:1;font-size:50px}.elementor-widget-text-editor .elementor-drop-cap-letter{display:inline-block}<\/style>\t\t\t\t<p>Wszystkim Pa\u0144stwu, a szczeg\u00f3lnie Poznaniakom polecamy przyjazd na Kongres \u015brodkami komunikacji publicznej. Mamy jednak bardzo dobr\u0105 ofert\u0119 dla os\u00f3b przyje\u017cdzaj\u0105cych samochodami.<\/p><p>Uczestnicy Kongresu b\u0119d\u0105 mieli mo\u017cliwo\u015b\u0107 parkowania na terenie MTP w bezpo\u015brednim s\u0105siedztwie sali gry. Koszt jednorazowego wjazdu to\u00a025 z\u0142. Warunkiem jest wykupienie biletu wy\u0142\u0105cznie przez\u00a0portal internetowy MTP:\u00a0<a href=\"https:\/\/tobilet.pl\/miejsca-parkingowe-przy-poznan-congress-center.html\" target=\"_blank\" rel=\"noopener\">https:\/\/tobilet.pl\/miejsca-parkingowe-przy-poznan-congress-center.html<\/a>\u00a0<\/p><p>Wjazd na Targi od ulicy \u015aniadeckich, zakupiony wcze\u015bniej bilet nale\u017cy okaza\u0107 podczas wjazdu. Mo\u017ce mie\u0107\u00a0on form\u0119 drukowan\u0105 lub elektroniczn\u0105 (np. na smartfonie).<\/p>\t\t\t\t\t\t<\/div>\n\t\t\t\t<\/div>\n\t\t\t\t<div class=\"elementor-element elementor-element-a42ca2e elementor-widget elementor-widget-image\" data-id=\"a42ca2e\" data-element_type=\"widget\" data-widget_type=\"image.default\">\n\t\t\t\t<div class=\"elementor-widget-container\">\n\t\t\t<style>\/*! elementor - v3.23.0 - 05-08-2024 *\/\n.elementor-widget-image{text-align:center}.elementor-widget-image a{display:inline-block}.elementor-widget-image a img[src$=\".svg\"]{width:48px}.elementor-widget-image img{vertical-align:middle;display:inline-block}<\/style>\t\t\t\t\t\t\t\t\t\t\t<a href=\"https:\/\/kongresy.brydz.wlkp.pl\/wp-content\/uploads\/2022\/04\/Parking-Miedzynarodowe-Targi-Poznanskie.pdf\">\n\t\t\t\t\t\t\t<img fetchpriority=\"high\" decoding=\"async\" width=\"665\" height=\"367\" src=\"https:\/\/kongresy.brydz.wlkp.pl\/wp-content\/uploads\/2022\/04\/Parking-Miedzynarodowe-Targi-Poznanskie-1024x565.jpg\" class=\"attachment-large size-large wp-image-2416\" alt=\"\" srcset=\"https:\/\/kongresy.brydz.wlkp.pl\/wp-content\/uploads\/2022\/04\/Parking-Miedzynarodowe-Targi-Poznanskie-1024x565.jpg 1024w, https:\/\/kongresy.brydz.wlkp.pl\/wp-content\/uploads\/2022\/04\/Parking-Miedzynarodowe-Targi-Poznanskie-300x166.jpg 300w, https:\/\/kongresy.brydz.wlkp.pl\/wp-content\/uploads\/2022\/04\/Parking-Miedzynarodowe-Targi-Poznanskie-768x424.jpg 768w, https:\/\/kongresy.brydz.wlkp.pl\/wp-content\/uploads\/2022\/04\/Parking-Miedzynarodowe-Targi-Poznanskie-660x364.jpg 660w, https:\/\/kongresy.brydz.wlkp.pl\/wp-content\/uploads\/2022\/04\/Parking-Miedzynarodowe-Targi-Poznanskie.jpg 1200w\" sizes=\"(max-width: 665px) 100vw, 665px\" \/>\t\t\t\t\t\t\t\t<\/a>\n\t\t\t\t\t\t\t\t\t\t\t\t\t<\/div>\n\t\t\t\t<\/div>\n\t\t\t\t\t<\/div>\n\t\t<\/div>\n\t\t\t\t\t<\/div>\n\t\t<\/section>\n\t\t\t\t<\/div>\n\t\t","protected":false},"excerpt":{"rendered":"<p>Wszystkim Pa\u0144stwu, a szczeg\u00f3lnie Poznaniakom polecamy przyjazd na Kongres \u015brodkami komunikacji publicznej. Mamy jednak bardzo dobr\u0105 ofert\u0119 dla os\u00f3b przyje\u017cdzaj\u0105cych samochodami. Uczestnicy Kongresu b\u0119d\u0105 mieli mo\u017cliwo\u015b\u0107 parkowania na terenie MTP w bezpo\u015brednim s\u0105siedztwie sali gry. Koszt jednorazowego wjazdu to\u00a025 z\u0142. Warunkiem jest wykupienie biletu wy\u0142\u0105cznie przez\u00a0portal internetowy MTP:\u00a0https:\/\/tobilet.pl\/miejsca-parkingowe-przy-poznan-congress-center.html\u00a0 Wjazd na Targi od ulicy \u015aniadeckich, zakupiony\u2026 <span class=\"read-more\"><a href=\"https:\/\/kongresy.brydz.wlkp.pl\/index.php\/parkowac\/\">Czytaj dalej &raquo;<\/a><\/span><\/p>\n","protected":false},"author":1,"featured_media":0,"parent":0,"menu_order":0,"comment_status":"closed","ping_status":"closed","template":"","meta":{"_ti_tpc_template_sync":false,"_ti_tpc_template_id":""},"_links":{"self":[{"href":"https:\/\/kongresy.brydz.wlkp.pl\/index.php\/wp-json\/wp\/v2\/pages\/377"}],"collection":[{"href":"https:\/\/kongresy.brydz.wlkp.pl\/index.php\/wp-json\/wp\/v2\/pages"}],"about":[{"href":"https:\/\/kongresy.brydz.wlkp.pl\/index.php\/wp-json\/wp\/v2\/types\/page"}],"author":[{"embeddable":true,"href":"https:\/\/kongresy.brydz.wlkp.pl\/index.php\/wp-json\/wp\/v2\/users\/1"}],"replies":[{"embeddable":true,"href":"https:\/\/kongresy.brydz.wlkp.pl\/index.php\/wp-json\/wp\/v2\/comments?post=377"}],"version-history":[{"count":54,"href":"https:\/\/kongresy.brydz.wlkp.pl\/index.php\/wp-json\/wp\/v2\/pages\/377\/revisions"}],"predecessor-version":[{"id":2419,"href":"https:\/\/kongresy.brydz.wlkp.pl\/index.php\/wp-json\/wp\/v2\/pages\/377\/revisions\/2419"}],"wp:attachment":[{"href":"https:\/\/kongresy.brydz.wlkp.pl\/index.php\/wp-json\/wp\/v2\/media?parent=377"}],"curies":[{"name":"wp","href":"https:\/\/api.w.org\/{rel}","templated":true}]}}