{"id":540,"date":"2021-08-24T12:12:18","date_gmt":"2021-08-24T12:12:18","guid":{"rendered":"https:\/\/kongresy.brydz.wlkp.pl\/?page_id=540"},"modified":"2022-04-30T07:25:36","modified_gmt":"2022-04-30T07:25:36","slug":"zapisani","status":"publish","type":"page","link":"https:\/\/kongresy.brydz.wlkp.pl\/index.php\/zapisani\/","title":{"rendered":"Zapisani&#8230;"},"content":{"rendered":"\t\t<div data-elementor-type=\"wp-page\" data-elementor-id=\"540\" class=\"elementor elementor-540\">\n\t\t\t\t\t\t<section class=\"elementor-section elementor-top-section elementor-element elementor-element-a7993e5 elementor-section-boxed elementor-section-height-default elementor-section-height-default\" data-id=\"a7993e5\" data-element_type=\"section\">\n\t\t\t\t\t\t<div class=\"elementor-container elementor-column-gap-default\">\n\t\t\t\t\t<div class=\"elementor-column elementor-col-100 elementor-top-column elementor-element elementor-element-f947e5a\" data-id=\"f947e5a\" data-element_type=\"column\">\n\t\t\t<div class=\"elementor-widget-wrap elementor-element-populated\">\n\t\t\t\t\t\t<div class=\"elementor-element elementor-element-eac656d elementor-widget elementor-widget-text-editor\" data-id=\"eac656d\" data-element_type=\"widget\" data-widget_type=\"text-editor.default\">\n\t\t\t\t<div class=\"elementor-widget-container\">\n\t\t\t<style>\/*! elementor - v3.23.0 - 05-08-2024 *\/\n.elementor-widget-text-editor.elementor-drop-cap-view-stacked .elementor-drop-cap{background-color:#69727d;color:#fff}.elementor-widget-text-editor.elementor-drop-cap-view-framed .elementor-drop-cap{color:#69727d;border:3px solid;background-color:transparent}.elementor-widget-text-editor:not(.elementor-drop-cap-view-default) .elementor-drop-cap{margin-top:8px}.elementor-widget-text-editor:not(.elementor-drop-cap-view-default) .elementor-drop-cap-letter{width:1em;height:1em}.elementor-widget-text-editor .elementor-drop-cap{float:left;text-align:center;line-height:1;font-size:50px}.elementor-widget-text-editor .elementor-drop-cap-letter{display:inline-block}<\/style>\t\t\t\t<p><strong><a href=\"https:\/\/docs.google.com\/spreadsheets\/d\/1u8DFLkDPwOFCIe6E_qE52UnxnCWXcdkdLZZFfrQuCzs\/edit#gid=1075440310\">&#8230; do Mi\u0119dzynarodowych Mistrzostw Polski Par Mikstowych.<\/a><\/strong><\/p>\t\t\t\t\t\t<\/div>\n\t\t\t\t<\/div>\n\t\t\t\t<div class=\"elementor-element elementor-element-61bc8c7 elementor-widget elementor-widget-text-editor\" data-id=\"61bc8c7\" data-element_type=\"widget\" data-widget_type=\"text-editor.default\">\n\t\t\t\t<div class=\"elementor-widget-container\">\n\t\t\t\t\t\t\t<p><strong><a href=\"https:\/\/docs.google.com\/spreadsheets\/d\/13d_5hn1aEHpMJpAhXPuZa2sYFQ3yw1Dyo4yKIqrDVew\/edit#gid=1668046228\">&#8230; do Mi\u0119dzynarodowych Mistrzostw Polski Team\u00f3w Mikstowych.<\/a><\/strong><\/p>\t\t\t\t\t\t<\/div>\n\t\t\t\t<\/div>\n\t\t\t\t\t<\/div>\n\t\t<\/div>\n\t\t\t\t\t<\/div>\n\t\t<\/section>\n\t\t\t\t<section class=\"elementor-section elementor-top-section elementor-element elementor-element-7146253 elementor-section-boxed elementor-section-height-default elementor-section-height-default\" data-id=\"7146253\" data-element_type=\"section\">\n\t\t\t\t\t\t<div class=\"elementor-container elementor-column-gap-default\">\n\t\t\t\t\t<div class=\"elementor-column elementor-col-100 elementor-top-column elementor-element elementor-element-b4dc89c\" data-id=\"b4dc89c\" data-element_type=\"column\">\n\t\t\t<div class=\"elementor-widget-wrap elementor-element-populated\">\n\t\t\t\t\t\t<div class=\"elementor-element elementor-element-a60b14c elementor-widget elementor-widget-text-editor\" data-id=\"a60b14c\" data-element_type=\"widget\" data-widget_type=\"text-editor.default\">\n\t\t\t\t<div class=\"elementor-widget-container\">\n\t\t\t\t\t\t\t<p><strong><a href=\"https:\/\/docs.google.com\/spreadsheets\/d\/1DljPQJ72AS3KT5NjCwN1o0ebpR4HbmerSIM-DxSXkYg\/edit#gid=507930440\">&#8230; do turniej\u00f3w Kongresowych i\/lub Grand Prix Polski Par<\/a>.<\/strong><\/p>\t\t\t\t\t\t<\/div>\n\t\t\t\t<\/div>\n\t\t\t\t\t<\/div>\n\t\t<\/div>\n\t\t\t\t\t<\/div>\n\t\t<\/section>\n\t\t\t\t<section class=\"elementor-section elementor-top-section elementor-element elementor-element-062584b elementor-section-boxed elementor-section-height-default elementor-section-height-default\" data-id=\"062584b\" data-element_type=\"section\">\n\t\t\t\t\t\t<div class=\"elementor-container elementor-column-gap-default\">\n\t\t\t\t\t<div class=\"elementor-column elementor-col-100 elementor-top-column elementor-element elementor-element-b9d1459\" data-id=\"b9d1459\" data-element_type=\"column\">\n\t\t\t<div class=\"elementor-widget-wrap elementor-element-populated\">\n\t\t\t\t\t\t<div class=\"elementor-element elementor-element-dc0398c elementor-widget elementor-widget-image\" data-id=\"dc0398c\" data-element_type=\"widget\" data-widget_type=\"image.default\">\n\t\t\t\t<div class=\"elementor-widget-container\">\n\t\t\t<style>\/*! elementor - v3.23.0 - 05-08-2024 *\/\n.elementor-widget-image{text-align:center}.elementor-widget-image a{display:inline-block}.elementor-widget-image a img[src$=\".svg\"]{width:48px}.elementor-widget-image img{vertical-align:middle;display:inline-block}<\/style>\t\t\t\t\t\t\t\t\t\t\t<a href=\"https:\/\/kongresy.brydz.wlkp.pl\/wp-content\/uploads\/2022\/04\/baner-2022-wersja-7-scaled.jpg\" data-elementor-open-lightbox=\"yes\" data-elementor-lightbox-title=\"baner-2022-wersja-7\" data-e-action-hash=\"#elementor-action%3Aaction%3Dlightbox%26settings%3DeyJpZCI6MjQ1OSwidXJsIjoiaHR0cHM6XC9cL2tvbmdyZXN5LmJyeWR6Lndsa3AucGxcL3dwLWNvbnRlbnRcL3VwbG9hZHNcLzIwMjJcLzA0XC9iYW5lci0yMDIyLXdlcnNqYS03LXNjYWxlZC5qcGcifQ%3D%3D\">\n\t\t\t\t\t\t\t<img fetchpriority=\"high\" decoding=\"async\" width=\"665\" height=\"532\" src=\"https:\/\/kongresy.brydz.wlkp.pl\/wp-content\/uploads\/2022\/04\/baner-2022-wersja-7-1024x819.jpg\" class=\"attachment-large size-large wp-image-2459\" alt=\"\" srcset=\"https:\/\/kongresy.brydz.wlkp.pl\/wp-content\/uploads\/2022\/04\/baner-2022-wersja-7-1024x819.jpg 1024w, https:\/\/kongresy.brydz.wlkp.pl\/wp-content\/uploads\/2022\/04\/baner-2022-wersja-7-300x240.jpg 300w, https:\/\/kongresy.brydz.wlkp.pl\/wp-content\/uploads\/2022\/04\/baner-2022-wersja-7-768x614.jpg 768w, https:\/\/kongresy.brydz.wlkp.pl\/wp-content\/uploads\/2022\/04\/baner-2022-wersja-7-1536x1229.jpg 1536w, https:\/\/kongresy.brydz.wlkp.pl\/wp-content\/uploads\/2022\/04\/baner-2022-wersja-7-2048x1638.jpg 2048w, https:\/\/kongresy.brydz.wlkp.pl\/wp-content\/uploads\/2022\/04\/baner-2022-wersja-7-660x528.jpg 660w\" sizes=\"(max-width: 665px) 100vw, 665px\" \/>\t\t\t\t\t\t\t\t<\/a>\n\t\t\t\t\t\t\t\t\t\t\t\t\t<\/div>\n\t\t\t\t<\/div>\n\t\t\t\t\t<\/div>\n\t\t<\/div>\n\t\t\t\t\t<\/div>\n\t\t<\/section>\n\t\t\t\t<\/div>\n\t\t","protected":false},"excerpt":{"rendered":"<p>&#8230; do Mi\u0119dzynarodowych Mistrzostw Polski Par Mikstowych. &#8230; do Mi\u0119dzynarodowych Mistrzostw Polski Team\u00f3w Mikstowych. &#8230; do turniej\u00f3w Kongresowych i\/lub Grand Prix Polski Par.<\/p>\n","protected":false},"author":1,"featured_media":0,"parent":0,"menu_order":0,"comment_status":"closed","ping_status":"closed","template":"","meta":{"_ti_tpc_template_sync":false,"_ti_tpc_template_id":""},"_links":{"self":[{"href":"https:\/\/kongresy.brydz.wlkp.pl\/index.php\/wp-json\/wp\/v2\/pages\/540"}],"collection":[{"href":"https:\/\/kongresy.brydz.wlkp.pl\/index.php\/wp-json\/wp\/v2\/pages"}],"about":[{"href":"https:\/\/kongresy.brydz.wlkp.pl\/index.php\/wp-json\/wp\/v2\/types\/page"}],"author":[{"embeddable":true,"href":"https:\/\/kongresy.brydz.wlkp.pl\/index.php\/wp-json\/wp\/v2\/users\/1"}],"replies":[{"embeddable":true,"href":"https:\/\/kongresy.brydz.wlkp.pl\/index.php\/wp-json\/wp\/v2\/comments?post=540"}],"version-history":[{"count":44,"href":"https:\/\/kongresy.brydz.wlkp.pl\/index.php\/wp-json\/wp\/v2\/pages\/540\/revisions"}],"predecessor-version":[{"id":2477,"href":"https:\/\/kongresy.brydz.wlkp.pl\/index.php\/wp-json\/wp\/v2\/pages\/540\/revisions\/2477"}],"wp:attachment":[{"href":"https:\/\/kongresy.brydz.wlkp.pl\/index.php\/wp-json\/wp\/v2\/media?parent=540"}],"curies":[{"name":"wp","href":"https:\/\/api.w.org\/{rel}","templated":true}]}}