{"id":792,"date":"2021-09-07T20:29:30","date_gmt":"2021-09-07T20:29:30","guid":{"rendered":"https:\/\/kongresy.brydz.wlkp.pl\/?page_id=792"},"modified":"2022-03-27T15:42:42","modified_gmt":"2022-03-27T15:42:42","slug":"gdzie-spedzic-czas-w-poznaniu","status":"publish","type":"page","link":"https:\/\/kongresy.brydz.wlkp.pl\/index.php\/gdzie-spedzic-czas-w-poznaniu\/","title":{"rendered":"&#8230; sp\u0119dzi\u0107 czas w Poznaniu"},"content":{"rendered":"\t\t<div data-elementor-type=\"wp-page\" data-elementor-id=\"792\" class=\"elementor elementor-792\">\n\t\t\t\t\t\t<section class=\"elementor-section elementor-top-section elementor-element elementor-element-67c3852 elementor-section-boxed elementor-section-height-default elementor-section-height-default\" data-id=\"67c3852\" data-element_type=\"section\">\n\t\t\t\t\t\t<div class=\"elementor-container elementor-column-gap-default\">\n\t\t\t\t\t<div class=\"elementor-column elementor-col-100 elementor-top-column elementor-element elementor-element-b1bbdcd\" data-id=\"b1bbdcd\" data-element_type=\"column\">\n\t\t\t<div class=\"elementor-widget-wrap elementor-element-populated\">\n\t\t\t\t\t\t<div class=\"elementor-element elementor-element-da8f4a1 elementor-widget elementor-widget-text-editor\" data-id=\"da8f4a1\" data-element_type=\"widget\" data-widget_type=\"text-editor.default\">\n\t\t\t\t<div class=\"elementor-widget-container\">\n\t\t\t<style>\/*! elementor - v3.23.0 - 05-08-2024 *\/\n.elementor-widget-text-editor.elementor-drop-cap-view-stacked .elementor-drop-cap{background-color:#69727d;color:#fff}.elementor-widget-text-editor.elementor-drop-cap-view-framed .elementor-drop-cap{color:#69727d;border:3px solid;background-color:transparent}.elementor-widget-text-editor:not(.elementor-drop-cap-view-default) .elementor-drop-cap{margin-top:8px}.elementor-widget-text-editor:not(.elementor-drop-cap-view-default) .elementor-drop-cap-letter{width:1em;height:1em}.elementor-widget-text-editor .elementor-drop-cap{float:left;text-align:center;line-height:1;font-size:50px}.elementor-widget-text-editor .elementor-drop-cap-letter{display:inline-block}<\/style>\t\t\t\t<h1 style=\"text-align: center;\">W czasie Kongresu w Poznaniu b\u0119d\u0105 mia\u0142y miejsce ciekawe wydarzenia. Polecamy szczeg\u00f3lnie:<\/h1><h3 style=\"text-align: center;\">Wystawa Antoni Gaudi w Poznaniu<\/h3><p><img decoding=\"async\" class=\"alignnone size-medium wp-image-2090 aligncenter\" src=\"https:\/\/kongresy.brydz.wlkp.pl\/wp-content\/uploads\/2022\/03\/Gaudi-300x112.png\" alt=\"\" width=\"300\" height=\"112\" srcset=\"https:\/\/kongresy.brydz.wlkp.pl\/wp-content\/uploads\/2022\/03\/Gaudi-300x112.png 300w, https:\/\/kongresy.brydz.wlkp.pl\/wp-content\/uploads\/2022\/03\/Gaudi-660x246.png 660w, https:\/\/kongresy.brydz.wlkp.pl\/wp-content\/uploads\/2022\/03\/Gaudi.png 690w\" sizes=\"(max-width: 300px) 100vw, 300px\" \/><\/p><p>Antoni Gaud\u00ed\u00a0to genialny architekt, wizjoner, \u201eczarodziej architektury\u201d, ale r\u00f3wnie\u017c ekolog stosuj\u0105cy w swoich dzie\u0142ach zasady recyklingu. Jego modernistyczne, wr\u0119cz rewolucyjne koncepcje architektoniczne i wyj\u0105tkowy talent \u2013 wzbudza\u0142y i nadal wzbudzaj\u0105 \u2013 ogromne emocje. Na wystawie zostanie zaprezentowanych ok. 150 eksponat\u00f3w (plan\u00f3w, makiet, rysunk\u00f3w, rze\u017ab, mebli, element\u00f3w\u00a0architektonicznych, ceramiki, fotografii, wideo, mapping\u00f3w), pochodz\u0105cych z kolekcji hiszpa\u0144skich instytucji publicznych oraz prywatnych. B\u0119dzie to pierwsza w Polsce i najwi\u0119ksza w Europie tak obszerna prezentacja dokona\u0144 hiszpa\u0144skiego architekta.<\/p><p><a href=\"http:\/\/poznan.travel\/pl\/r\/wydarzenia\/antoni-gaudi-w-poznaniu-wyjatkowa-wystawa-od-5-marca-2022\">http:\/\/poznan.travel\/pl\/r\/wydarzenia\/antoni-gaudi-w-poznaniu-wyjatkowa-wystawa-od-5-marca-2022<\/a><\/p><h3 style=\"text-align: center;\">HistoryLand &#8211; na terenie MTP<\/h3><p><img fetchpriority=\"high\" decoding=\"async\" class=\"alignnone size-medium wp-image-2094 aligncenter\" src=\"https:\/\/kongresy.brydz.wlkp.pl\/wp-content\/uploads\/2022\/03\/Lego-300x218.png\" alt=\"\" width=\"300\" height=\"218\" srcset=\"https:\/\/kongresy.brydz.wlkp.pl\/wp-content\/uploads\/2022\/03\/Lego-300x218.png 300w, https:\/\/kongresy.brydz.wlkp.pl\/wp-content\/uploads\/2022\/03\/Lego.png 517w\" sizes=\"(max-width: 300px) 100vw, 300px\" \/><\/p><p>HistoryLand\u00a0to wystawa, na kt\u00f3rej znalaz\u0142o si\u0119 10 niesamowitych makiet, to podr\u00f3\u017c po m.in. pras\u0142owia\u0144skim Biskupinie, polach Grunwaldu, \u00a0Zatoce Gda\u0144skiej, gdzie polska flota zatopi\u0142a szwedzki galeon Solen i Jasnej G\u00f3rze w czasie jej obl\u0119\u017cenia. Zwiedzanie wystawy ubogac\u0105 m.in. \u00a0wysokiej jako\u015bci efekty multimedialne. To nie jest zwyk\u0142a wystawa lego!<\/p><p><a href=\"https:\/\/historyland.pl\/o-nas\/\">https:\/\/historyland.pl\/o-nas\/<\/a><\/p><h3 style=\"text-align: center;\">Muzeum Rogalowe<\/h3><p><img decoding=\"async\" class=\"alignnone size-medium wp-image-2096 aligncenter\" src=\"https:\/\/kongresy.brydz.wlkp.pl\/wp-content\/uploads\/2022\/03\/Rogale-300x214.png\" alt=\"\" width=\"300\" height=\"214\" srcset=\"https:\/\/kongresy.brydz.wlkp.pl\/wp-content\/uploads\/2022\/03\/Rogale-300x214.png 300w, https:\/\/kongresy.brydz.wlkp.pl\/wp-content\/uploads\/2022\/03\/Rogale-1024x730.png 1024w, https:\/\/kongresy.brydz.wlkp.pl\/wp-content\/uploads\/2022\/03\/Rogale-768x547.png 768w, https:\/\/kongresy.brydz.wlkp.pl\/wp-content\/uploads\/2022\/03\/Rogale-660x470.png 660w, https:\/\/kongresy.brydz.wlkp.pl\/wp-content\/uploads\/2022\/03\/Rogale.png 1301w\" sizes=\"(max-width: 300px) 100vw, 300px\" \/><\/p><p>Interaktywny, humorystyczny pokaz przygotowania najwi\u0119kszego skarbu kulinarnego Poznania \u2013 rogala \u015bwi\u0119tomarci\u0144skiego. Opowiadana na \u017cywo i z humorem historia rogali \u015bwi\u0119tomarci\u0144skich, wsp\u00f3lny wypiek, lekcja pozna\u0144skiej gwary czyli atrakcja numer w Poznaniu!<\/p><p><a href=\"http:\/\/rogalowemuzeum.pl\/\">http:\/\/rogalowemuzeum.pl\/<\/a><\/p><h3 style=\"text-align: center;\">Centrum Szyfr\u00f3w Enigma\u00a0<\/h3><p><img loading=\"lazy\" decoding=\"async\" class=\"alignnone size-medium wp-image-807 aligncenter\" src=\"https:\/\/kongresy.brydz.wlkp.pl\/wp-content\/uploads\/2021\/09\/Centrum-Szyfrow-300x164.png\" alt=\"\" width=\"300\" height=\"164\" srcset=\"https:\/\/kongresy.brydz.wlkp.pl\/wp-content\/uploads\/2021\/09\/Centrum-Szyfrow-300x164.png 300w, https:\/\/kongresy.brydz.wlkp.pl\/wp-content\/uploads\/2021\/09\/Centrum-Szyfrow-1024x559.png 1024w, https:\/\/kongresy.brydz.wlkp.pl\/wp-content\/uploads\/2021\/09\/Centrum-Szyfrow-768x419.png 768w, https:\/\/kongresy.brydz.wlkp.pl\/wp-content\/uploads\/2021\/09\/Centrum-Szyfrow-660x360.png 660w, https:\/\/kongresy.brydz.wlkp.pl\/wp-content\/uploads\/2021\/09\/Centrum-Szyfrow.png 1261w\" sizes=\"(max-width: 300px) 100vw, 300px\" \/><\/p><p>Centrum Szyfr\u00f3w Enigma opowiada prawdziw\u0105 histori\u0119 z\u0142amania szyfru niemieckiej maszyny, kt\u00f3ra mia\u0142a sw\u00f3j pocz\u0105tek w Poznaniu i podkre\u015bla wsp\u00f3\u0142prac\u0119 stoj\u0105cych za tym sukcesem student\u00f3w: Mariana Rejewskiego, Henryka Zygalskiego i Jerzego R\u00f3\u017cyckiego. Multimedialna ekspozycja w przyst\u0119pny spos\u00f3b opowiada m.in. o sztuce szyfrowania, kodowania, o tym jak odkrycia genialnych polskich matematyk\u00f3w wp\u0142yn\u0119\u0142y na losy II wojny \u015bwiatowej oraz budow\u0119 \u015bwiata cyfrowego. Zwiedzanie odbywa si\u0119 z u\u017cyciem audioprzewodnika (dost\u0119pny w 4 wersjach j\u0119zykowych). Centrum Szyfr\u00f3w Enigma to tajemnica i przygoda w jednym! Tu mo\u017cna spr\u00f3bowa\u0107 swoich si\u0142 rozwi\u0105zuj\u0105c zagadki przesz\u0142o\u015bci i szyfruj\u0105c wiadomo\u015bci.<\/p><p><a href=\"https:\/\/csenigma.pl\/\">https:\/\/csenigma.pl\/<\/a>\u00a0<\/p><h3 style=\"text-align: center;\">Muzeum Pyry<\/h3><p><img loading=\"lazy\" decoding=\"async\" class=\"alignnone size-medium wp-image-2097 aligncenter\" src=\"https:\/\/kongresy.brydz.wlkp.pl\/wp-content\/uploads\/2022\/03\/Muzeum-Pyry-300x282.png\" alt=\"\" width=\"300\" height=\"282\" srcset=\"https:\/\/kongresy.brydz.wlkp.pl\/wp-content\/uploads\/2022\/03\/Muzeum-Pyry-300x282.png 300w, https:\/\/kongresy.brydz.wlkp.pl\/wp-content\/uploads\/2022\/03\/Muzeum-Pyry-660x620.png 660w, https:\/\/kongresy.brydz.wlkp.pl\/wp-content\/uploads\/2022\/03\/Muzeum-Pyry.png 685w\" sizes=\"(max-width: 300px) 100vw, 300px\" \/><\/p><p>Jedyne muzeum w Polsce po\u015bwi\u0119cone ziemniakowi.<\/p><p>Historia pozna\u0144skiego symbolu w atrakcyjnej, interaktywnej formie, pieczenie w\u0142asnej pyry i pe\u0142na humoru, godzinna w\u0119dr\u00f3wka z przewodnikiem po \u015bwiecie ziemniaka.<\/p><p><a href=\"https:\/\/muzeumpyry.pl\/\">https:\/\/muzeumpyry.pl\/<\/a><\/p><h3 style=\"text-align: center;\">Muzeum Sztuk U\u017cytkowych z wie\u017c\u0105 widokow\u0105 \u2013 Zamek Przemys\u0142a<\/h3><p><img loading=\"lazy\" decoding=\"async\" class=\"alignnone size-medium wp-image-2098 aligncenter\" src=\"https:\/\/kongresy.brydz.wlkp.pl\/wp-content\/uploads\/2022\/03\/MuzeumSU-300x103.png\" alt=\"\" width=\"300\" height=\"103\" srcset=\"https:\/\/kongresy.brydz.wlkp.pl\/wp-content\/uploads\/2022\/03\/MuzeumSU-300x103.png 300w, https:\/\/kongresy.brydz.wlkp.pl\/wp-content\/uploads\/2022\/03\/MuzeumSU-1024x353.png 1024w, https:\/\/kongresy.brydz.wlkp.pl\/wp-content\/uploads\/2022\/03\/MuzeumSU-768x265.png 768w, https:\/\/kongresy.brydz.wlkp.pl\/wp-content\/uploads\/2022\/03\/MuzeumSU-660x228.png 660w, https:\/\/kongresy.brydz.wlkp.pl\/wp-content\/uploads\/2022\/03\/MuzeumSU.png 1279w\" sizes=\"(max-width: 300px) 100vw, 300px\" \/><\/p><p>Muzeum mie\u015bci si\u0119 w Zamku Przemys\u0142a. Mo\u017cna tu podziwia\u0107 oko\u0142o 2 tysi\u0105ce muzeali\u00f3w od \u015bredniowiecza do wsp\u00f3\u0142czesno\u015bci. Sta\u0142a ekspozycja po\u015bwi\u0119cona jest w ca\u0142o\u015bci sztuce u\u017cytkowej \u2013 to jedyne takie miejsce w Polsce. Na szczycie wie\u017cy zamkowej mie\u015bci si\u0119 taras widokowy, na kt\u00f3ry mo\u017cna wjecha\u0107 wind\u0105 lub wej\u015b\u0107 schodami. Rozpo\u015bciera si\u0119 z niego pi\u0119kny widok na Stare Miasto.<\/p><p><a href=\"https:\/\/msu.mnp.art.pl\/?fbclid=IwAR1qU6oVipw8eiJTyXV_7PLIoLYRnaIlPrsaZAeY1DXyWFiwo8YpR0WRBNw\">https:\/\/msu.mnp.art.pl\/?fbclid=IwAR1qU6oVipw8eiJTyXV_7PLIoLYRnaIlPrsaZAeY1DXyWFiwo8YpR0WRBNw<\/a><\/p><h1 style=\"text-align: center;\">Opcja na wiecz\u00f3r?<\/h1><h3 style=\"text-align: center;\">Centrum Rozrywki MK Bowling\u00a0<\/h3><p><img loading=\"lazy\" decoding=\"async\" class=\"alignnone size-medium wp-image-2103 aligncenter\" src=\"https:\/\/kongresy.brydz.wlkp.pl\/wp-content\/uploads\/2022\/03\/Bowling-300x190.png\" alt=\"\" width=\"300\" height=\"190\" srcset=\"https:\/\/kongresy.brydz.wlkp.pl\/wp-content\/uploads\/2022\/03\/Bowling-300x190.png 300w, https:\/\/kongresy.brydz.wlkp.pl\/wp-content\/uploads\/2022\/03\/Bowling.png 585w\" sizes=\"(max-width: 300px) 100vw, 300px\" \/><\/p><p>Bowling w sercu miasta wraz z klubem muzycznym i restauracj\u0105. 7 tor\u00f3w do gry w bowling, 11 sto\u0142\u00f3w bilardowych i taras z widokiem na miasto.<\/p><p><a href=\"https:\/\/www.mkbowling.pl\/start-poznan\">https:\/\/www.mkbowling.pl\/start-poznan<\/a><\/p><h3 style=\"text-align: center;\">Bitwa na kieliszki w Hotelu Mercure<\/h3><p><img loading=\"lazy\" decoding=\"async\" class=\"alignnone size-medium wp-image-2104 aligncenter\" src=\"https:\/\/kongresy.brydz.wlkp.pl\/wp-content\/uploads\/2022\/03\/Mercury-223x300.png\" alt=\"\" width=\"223\" height=\"300\" srcset=\"https:\/\/kongresy.brydz.wlkp.pl\/wp-content\/uploads\/2022\/03\/Mercury-223x300.png 223w, https:\/\/kongresy.brydz.wlkp.pl\/wp-content\/uploads\/2022\/03\/Mercury-660x888.png 660w, https:\/\/kongresy.brydz.wlkp.pl\/wp-content\/uploads\/2022\/03\/Mercury.png 695w\" sizes=\"(max-width: 223px) 100vw, 223px\" \/><\/p><p>Degustacja wina z elementami rywalizacji prowadzona przez najlepszych sommelier\u00f3w.<\/p><p><a href=\"https:\/\/mercure.accor.com\/pl\/polska\/index.shtml\">https:\/\/mercure.accor.com\/pl\/polska\/index.shtml<\/a><\/p><h3 style=\"text-align: center;\">Gdzie na piwo?<\/h3><h3 style=\"text-align: center;\">Ministerstwo Browaru<\/h3><p><img loading=\"lazy\" decoding=\"async\" class=\"alignnone size-medium wp-image-2105 aligncenter\" src=\"https:\/\/kongresy.brydz.wlkp.pl\/wp-content\/uploads\/2022\/03\/Ministerstwo-browaru-300x217.png\" alt=\"\" width=\"300\" height=\"217\" srcset=\"https:\/\/kongresy.brydz.wlkp.pl\/wp-content\/uploads\/2022\/03\/Ministerstwo-browaru-300x217.png 300w, https:\/\/kongresy.brydz.wlkp.pl\/wp-content\/uploads\/2022\/03\/Ministerstwo-browaru-1024x742.png 1024w, https:\/\/kongresy.brydz.wlkp.pl\/wp-content\/uploads\/2022\/03\/Ministerstwo-browaru-768x557.png 768w, https:\/\/kongresy.brydz.wlkp.pl\/wp-content\/uploads\/2022\/03\/Ministerstwo-browaru-660x478.png 660w, https:\/\/kongresy.brydz.wlkp.pl\/wp-content\/uploads\/2022\/03\/Ministerstwo-browaru.png 1276w\" sizes=\"(max-width: 300px) 100vw, 300px\" \/><\/p><p>Ministerstwo Browaru oferuje imponuj\u0105c\u0105 liczb\u0119 400 rodzaj\u00f3w piw! To propozycje z ca\u0142ego \u015bwiata, cho\u0107 specjalno\u015bci\u0105 pubu s\u0105 g\u0142\u00f3\u00adwnie piwa z ma\u0142ych, regionalnych, polskich browar\u00f3w. Znajdziemy tu tak\u017ce wiele piw nie\u00ad\u00ad\u00admieckich i ponad dwie\u015bcie marek bel\u00adgij\u00adskich.<\/p><p><a href=\"https:\/\/www.facebook.com\/ministerstwobrowaruwroniecka\/\">https:\/\/www.facebook.com\/ministerstwobrowaruwroniecka\/<\/a><\/p><h3 style=\"text-align: center;\">Brovaria<\/h3><p><img loading=\"lazy\" decoding=\"async\" class=\"alignnone size-medium wp-image-2119 aligncenter\" src=\"https:\/\/kongresy.brydz.wlkp.pl\/wp-content\/uploads\/2022\/03\/brovaria-300x84.png\" alt=\"\" width=\"300\" height=\"84\" srcset=\"https:\/\/kongresy.brydz.wlkp.pl\/wp-content\/uploads\/2022\/03\/brovaria-300x84.png 300w, https:\/\/kongresy.brydz.wlkp.pl\/wp-content\/uploads\/2022\/03\/brovaria-1024x287.png 1024w, https:\/\/kongresy.brydz.wlkp.pl\/wp-content\/uploads\/2022\/03\/brovaria-768x215.png 768w, https:\/\/kongresy.brydz.wlkp.pl\/wp-content\/uploads\/2022\/03\/brovaria-1536x430.png 1536w, https:\/\/kongresy.brydz.wlkp.pl\/wp-content\/uploads\/2022\/03\/brovaria-660x185.png 660w, https:\/\/kongresy.brydz.wlkp.pl\/wp-content\/uploads\/2022\/03\/brovaria.png 1617w\" sizes=\"(max-width: 300px) 100vw, 300px\" \/><\/p><p>Przestronne wn\u0119trza kamienicy na Rynku Starego Miasta Poznania kryj\u0105 w sobie niepowtarzalny browar i znakomit\u0105 restauracj\u0119.<\/p><p><a href=\"https:\/\/www.facebook.com\/Brovaria\/?ref=page_internal\">https:\/\/www.facebook.com\/Brovaria\/?ref=page_internal<\/a><\/p><h3 style=\"text-align: center;\">Gdzie pota\u0144czy\u0107?<\/h3><h3 style=\"text-align: center;\">Klub Rewiry<\/h3><p><img loading=\"lazy\" decoding=\"async\" class=\"alignnone size-medium wp-image-2120 aligncenter\" src=\"https:\/\/kongresy.brydz.wlkp.pl\/wp-content\/uploads\/2022\/03\/Rewiry-300x171.png\" alt=\"\" width=\"300\" height=\"171\" srcset=\"https:\/\/kongresy.brydz.wlkp.pl\/wp-content\/uploads\/2022\/03\/Rewiry-300x171.png 300w, https:\/\/kongresy.brydz.wlkp.pl\/wp-content\/uploads\/2022\/03\/Rewiry-1024x584.png 1024w, https:\/\/kongresy.brydz.wlkp.pl\/wp-content\/uploads\/2022\/03\/Rewiry-768x438.png 768w, https:\/\/kongresy.brydz.wlkp.pl\/wp-content\/uploads\/2022\/03\/Rewiry-660x376.png 660w, https:\/\/kongresy.brydz.wlkp.pl\/wp-content\/uploads\/2022\/03\/Rewiry.png 1394w\" sizes=\"(max-width: 300px) 100vw, 300px\" \/><\/p><p>Klub, kt\u00f3ry jest bardzo trudny do zdefiniowania. Czy to klub taneczny? Cocktail Bar? A mo\u017ce miejsce, kt\u00f3re k\u0142adzie nacisk na kultur\u0119? Rewiry to miejsce spotka\u0144, w kt\u00f3rym liczy si\u0119 przede wszystkim klimat.<\/p><p><a href=\"https:\/\/www.facebook.com\/Rewiry.Klub\">https:\/\/www.facebook.com\/Rewiry.Klub<\/a><\/p>\t\t\t\t\t\t<\/div>\n\t\t\t\t<\/div>\n\t\t\t\t\t<\/div>\n\t\t<\/div>\n\t\t\t\t\t<\/div>\n\t\t<\/section>\n\t\t\t\t<section class=\"elementor-section elementor-top-section elementor-element elementor-element-5f1881e elementor-section-boxed elementor-section-height-default elementor-section-height-default\" data-id=\"5f1881e\" data-element_type=\"section\">\n\t\t\t\t\t\t<div class=\"elementor-container elementor-column-gap-default\">\n\t\t\t\t\t<div class=\"elementor-column elementor-col-100 elementor-top-column elementor-element elementor-element-c568356\" data-id=\"c568356\" data-element_type=\"column\">\n\t\t\t<div class=\"elementor-widget-wrap elementor-element-populated\">\n\t\t\t\t\t\t<div class=\"elementor-element elementor-element-30de46b elementor-widget elementor-widget-text-editor\" data-id=\"30de46b\" data-element_type=\"widget\" data-widget_type=\"text-editor.default\">\n\t\t\t\t<div class=\"elementor-widget-container\">\n\t\t\t\t\t\t\t<p>Szczeg\u00f3\u0142owe informacje o pozosta\u0142ych wydarzeniach kulturalnych mo\u017cna znale\u017a\u0107 na stronach:&nbsp;<\/p>\n<p><a href=\"https:\/\/linkprotect.cudasvc.com\/url?a=https%3a%2f%2fwww.poznan.pl%2fmim%2fevents%2f&amp;c=E,1,oZ7ii36tWpPLk0wOf-FlJE9AQgI8Pzj1WYKWk0y9zvV_NbjvZufz8fhi-ZMU2TLNJfKKNRl4VyT-AlaPuxSuBR0EwxPTnQ7LIDFAHruoVytf&amp;typo=1\">https:\/\/www.poznan.pl\/mim\/events\/<\/a>&nbsp;<\/p>\n<p><a href=\"https:\/\/linkprotect.cudasvc.com\/url?a=https%3a%2f%2fkultura.poznan.pl%2f&amp;c=E,1,qDy16GwRgBjkyR4t3fGe0B-xFFb5dzfuy30fznZ8WXAPmvaKREgW7wX7_J3OI9NWx9yK113oCZ9TfuzHl6cO5nMM5Vf2WZxsm45cTzqyULho8Bw,&amp;typo=1\">https:\/\/kultura.poznan.pl\/<\/a><\/p>\n<p>oraz&nbsp;<a href=\"https:\/\/linkprotect.cudasvc.com\/url?a=https%3a%2f%2fwww.poznan.pl%2fmim%2fwm%2f&amp;c=E,1,wnDbK4nI94_DjLkIxghMtrOyMXcd3jij1rkmsLH7fkP6IjovhdLFDaSUe5xBz21JRlH9O6Dfd8uFaY4KN-bW0Vs16SzacG9rNmsuUb8TqzKJMgfXwpw,&amp;typo=1\">https:\/\/www.poznan.pl\/mim\/wm\/<\/a><\/p>\n<p>Zapraszamy r\u00f3wnie\u017c osoby zainteresowane zwiedzaniem&nbsp;miasta do Informacji Turystycznej na Starym Rynku po bezp\u0142atne materia\u0142y turystyczne o Poznaniu.<\/p>\t\t\t\t\t\t<\/div>\n\t\t\t\t<\/div>\n\t\t\t\t\t<\/div>\n\t\t<\/div>\n\t\t\t\t\t<\/div>\n\t\t<\/section>\n\t\t\t\t<\/div>\n\t\t","protected":false},"excerpt":{"rendered":"<p>W czasie Kongresu w Poznaniu b\u0119d\u0105 mia\u0142y miejsce ciekawe wydarzenia. Polecamy szczeg\u00f3lnie: Wystawa Antoni Gaudi w Poznaniu Antoni Gaud\u00ed\u00a0to genialny architekt, wizjoner, \u201eczarodziej architektury\u201d, ale r\u00f3wnie\u017c ekolog stosuj\u0105cy w swoich dzie\u0142ach zasady recyklingu. Jego modernistyczne, wr\u0119cz rewolucyjne koncepcje architektoniczne i wyj\u0105tkowy talent \u2013 wzbudza\u0142y i nadal wzbudzaj\u0105 \u2013 ogromne emocje. Na wystawie zostanie zaprezentowanych ok.\u2026 <span class=\"read-more\"><a href=\"https:\/\/kongresy.brydz.wlkp.pl\/index.php\/gdzie-spedzic-czas-w-poznaniu\/\">Czytaj dalej &raquo;<\/a><\/span><\/p>\n","protected":false},"author":1,"featured_media":0,"parent":0,"menu_order":0,"comment_status":"closed","ping_status":"closed","template":"","meta":{"_ti_tpc_template_sync":false,"_ti_tpc_template_id":""},"_links":{"self":[{"href":"https:\/\/kongresy.brydz.wlkp.pl\/index.php\/wp-json\/wp\/v2\/pages\/792"}],"collection":[{"href":"https:\/\/kongresy.brydz.wlkp.pl\/index.php\/wp-json\/wp\/v2\/pages"}],"about":[{"href":"https:\/\/kongresy.brydz.wlkp.pl\/index.php\/wp-json\/wp\/v2\/types\/page"}],"author":[{"embeddable":true,"href":"https:\/\/kongresy.brydz.wlkp.pl\/index.php\/wp-json\/wp\/v2\/users\/1"}],"replies":[{"embeddable":true,"href":"https:\/\/kongresy.brydz.wlkp.pl\/index.php\/wp-json\/wp\/v2\/comments?post=792"}],"version-history":[{"count":38,"href":"https:\/\/kongresy.brydz.wlkp.pl\/index.php\/wp-json\/wp\/v2\/pages\/792\/revisions"}],"predecessor-version":[{"id":2123,"href":"https:\/\/kongresy.brydz.wlkp.pl\/index.php\/wp-json\/wp\/v2\/pages\/792\/revisions\/2123"}],"wp:attachment":[{"href":"https:\/\/kongresy.brydz.wlkp.pl\/index.php\/wp-json\/wp\/v2\/media?parent=792"}],"curies":[{"name":"wp","href":"https:\/\/api.w.org\/{rel}","templated":true}]}}